{"id":19129,"date":"2025-10-22T12:57:42","date_gmt":"2025-10-22T17:57:42","guid":{"rendered":"https:\/\/gfstotalrewards.ca\/?page_id=19129"},"modified":"2025-11-13T10:14:41","modified_gmt":"2025-11-13T16:14:41","slug":"matiere-a-reflexion","status":"publish","type":"page","link":"https:\/\/gfstotalrewards.ca\/fr-ca\/benefits-wellness\/benefit-plan-options\/things-to-think-about\/","title":{"rendered":"Mati\u00e8re \u00e0 r\u00e9flexion"},"content":{"rendered":"<div data-elementor-type=\"wp-page\" data-elementor-id=\"19129\" class=\"elementor elementor-19129\" data-elementor-post-type=\"page\">\n\t\t\t\t<div data-particle_enable=\"false\" data-particle-mobile-disabled=\"false\" class=\"elementor-element elementor-element-a61560a e-flex e-con-boxed e-con e-parent\" data-id=\"a61560a\" data-element_type=\"container\" data-e-type=\"container\" data-settings=\"{&quot;background_background&quot;:&quot;classic&quot;}\">\n\t\t\t\t\t<div class=\"e-con-inner\">\n\t\t<div data-particle_enable=\"false\" data-particle-mobile-disabled=\"false\" class=\"elementor-element elementor-element-4d0a9a9 e-con-full e-flex e-con e-child\" data-id=\"4d0a9a9\" data-element_type=\"container\" data-e-type=\"container\">\n\t\t\t\t<div class=\"elementor-element elementor-element-6c95710 elementor-widget__width-auto elementor-widget elementor-widget-heading\" data-id=\"6c95710\" data-element_type=\"widget\" data-e-type=\"widget\" data-widget_type=\"heading.default\">\n\t\t\t\t<div class=\"elementor-widget-container\">\n\t\t\t\t\t<div class=\"elementor-heading-title elementor-size-default\"><a href=\"https:\/\/gfstotalrewards.ca\/fr-ca\/assurances-bien-etre\/options-pour-vos-assurances\/\">Options pour vos assurances<\/a><\/div>\t\t\t\t<\/div>\n\t\t\t\t<\/div>\n\t\t\t\t<div class=\"elementor-element elementor-element-45250ac elementor-widget elementor-widget-heading\" data-id=\"45250ac\" data-element_type=\"widget\" data-e-type=\"widget\" data-widget_type=\"heading.default\">\n\t\t\t\t<div class=\"elementor-widget-container\">\n\t\t\t\t\t<h1 class=\"elementor-heading-title elementor-size-default\">Mati\u00e8re \u00e0 r\u00e9flexion pour 2026<\/h1>\t\t\t\t<\/div>\n\t\t\t\t<\/div>\n\t\t\t\t<\/div>\n\t\t<div data-particle_enable=\"false\" data-particle-mobile-disabled=\"false\" class=\"elementor-element elementor-element-5cd94cd elementor-hidden-tablet elementor-hidden-mobile e-con-full e-flex e-con e-child\" data-id=\"5cd94cd\" data-element_type=\"container\" data-e-type=\"container\">\n\t\t\t\t<\/div>\n\t\t\t\t\t<\/div>\n\t\t\t\t<\/div>\n\t\t<div data-particle_enable=\"false\" data-particle-mobile-disabled=\"false\" class=\"elementor-element elementor-element-53fde13 e-flex e-con-boxed e-con e-parent\" data-id=\"53fde13\" data-element_type=\"container\" data-e-type=\"container\">\n\t\t\t\t\t<div class=\"e-con-inner\">\n\t\t<div data-particle_enable=\"false\" data-particle-mobile-disabled=\"false\" class=\"elementor-element elementor-element-c10a300 e-con-full e-flex e-con e-child\" data-id=\"c10a300\" data-element_type=\"container\" data-e-type=\"container\">\n\t\t\t\t<div class=\"elementor-element elementor-element-d036b86 elementor-widget elementor-widget-video\" data-id=\"d036b86\" data-element_type=\"widget\" data-e-type=\"widget\" data-settings=\"{&quot;video_type&quot;:&quot;hosted&quot;,&quot;controls&quot;:&quot;yes&quot;}\" data-widget_type=\"video.default\">\n\t\t\t\t<div class=\"elementor-widget-container\">\n\t\t\t\t\t\t\t<div class=\"e-hosted-video elementor-wrapper elementor-open-inline\">\n\t\t\t\t\t<video class=\"elementor-video\" src=\"https:\/\/gfstotalrewards.ca\/wp-content\/uploads\/2025\/11\/French-Open-Enrollment-2026-Instruction-Guide.mp4\" controls=\"\" preload=\"metadata\" controlslist=\"nodownload\"><\/video>\n\t\t\t\t<\/div>\n\t\t\t\t\t\t<\/div>\n\t\t\t\t<\/div>\n\t\t\t\t<\/div>\n\t\t<div data-particle_enable=\"false\" data-particle-mobile-disabled=\"false\" class=\"elementor-element elementor-element-1488007 e-con-full e-flex e-con e-child\" data-id=\"1488007\" data-element_type=\"container\" data-e-type=\"container\">\n\t\t\t\t<div class=\"elementor-element elementor-element-b7f03d3 elementor-widget elementor-widget-video\" data-id=\"b7f03d3\" data-element_type=\"widget\" data-e-type=\"widget\" data-settings=\"{&quot;video_type&quot;:&quot;hosted&quot;,&quot;controls&quot;:&quot;yes&quot;}\" data-widget_type=\"video.default\">\n\t\t\t\t<div class=\"elementor-widget-container\">\n\t\t\t\t\t\t\t<div class=\"e-hosted-video elementor-wrapper elementor-open-inline\">\n\t\t\t\t\t<video class=\"elementor-video\" src=\"https:\/\/gfstotalrewards.ca\/wp-content\/uploads\/2025\/11\/5-Things-to-Remember-french.mp4\" controls=\"\" preload=\"metadata\" controlslist=\"nodownload\"><\/video>\n\t\t\t\t<\/div>\n\t\t\t\t\t\t<\/div>\n\t\t\t\t<\/div>\n\t\t\t\t<\/div>\n\t\t\t\t\t<\/div>\n\t\t\t\t<\/div>\n\t\t<div data-particle_enable=\"false\" data-particle-mobile-disabled=\"false\" class=\"elementor-element elementor-element-db1c181 e-flex e-con-boxed e-con e-parent\" data-id=\"db1c181\" data-element_type=\"container\" data-e-type=\"container\" data-settings=\"{&quot;background_background&quot;:&quot;classic&quot;}\">\n\t\t\t\t\t<div class=\"e-con-inner\">\n\t\t<div data-particle_enable=\"false\" data-particle-mobile-disabled=\"false\" class=\"elementor-element elementor-element-7a445a8 e-con-full e-flex e-con e-child\" data-id=\"7a445a8\" data-element_type=\"container\" data-e-type=\"container\">\n\t\t\t\t<div class=\"elementor-element elementor-element-4cce4fe elementor-widget elementor-widget-heading\" data-id=\"4cce4fe\" data-element_type=\"widget\" data-e-type=\"widget\" data-widget_type=\"heading.default\">\n\t\t\t\t<div class=\"elementor-widget-container\">\n\t\t\t\t\t<h2 class=\"elementor-heading-title elementor-size-default\">Compte de gestion des d\u00e9penses de style de vie<\/h2>\t\t\t\t<\/div>\n\t\t\t\t<\/div>\n\t\t\t\t<\/div>\n\t\t<div data-particle_enable=\"false\" data-particle-mobile-disabled=\"false\" class=\"elementor-element elementor-element-a4bbdb4 e-con-full e-flex e-con e-child\" data-id=\"a4bbdb4\" data-element_type=\"container\" data-e-type=\"container\">\n\t\t\t\t<div class=\"elementor-element elementor-element-5a69139 elementor-widget elementor-widget-text-editor\" data-id=\"5a69139\" data-element_type=\"widget\" data-e-type=\"widget\" data-widget_type=\"text-editor.default\">\n\t\t\t\t<div class=\"elementor-widget-container\">\n\t\t\t\t\t\t\t\t\t<ul><li class=\"translation-block\">Les fonds de ce compte sont impos\u00e9s <strong>au moment de leur utilisation<\/strong>, et ils peuvent servir pour un grand nombre de d\u00e9penses li\u00e9es au bien-\u00eatre personnel (la liste des d\u00e9penses admissibles peut \u00eatre consult\u00e9e ici).<\/li><li>Ces cr\u00e9dits n\u2019expirent pas tant que vous \u00eates un employ\u00e9 de Service alimentaire Gordon.<\/li><li>N\u2019oubliez pas que l\u2019imp\u00f4t n\u2019est plus pr\u00e9lev\u00e9 au d\u00e9but de l\u2019ann\u00e9e, comme c\u2019\u00e9tait le cas auparavant, mais bien au moment o\u00f9 les fonds sont utilis\u00e9s.<\/li><\/ul>\t\t\t\t\t\t\t\t<\/div>\n\t\t\t\t<\/div>\n\t\t\t\t<\/div>\n\t\t\t\t\t<\/div>\n\t\t\t\t<\/div>\n\t\t<div data-particle_enable=\"false\" data-particle-mobile-disabled=\"false\" class=\"elementor-element elementor-element-5a194dd e-flex e-con-boxed e-con e-parent\" data-id=\"5a194dd\" data-element_type=\"container\" data-e-type=\"container\">\n\t\t\t\t\t<div class=\"e-con-inner\">\n\t\t\t\t<div class=\"elementor-element elementor-element-2d1bc1c elementor-widget elementor-widget-spacer\" data-id=\"2d1bc1c\" data-element_type=\"widget\" data-e-type=\"widget\" data-widget_type=\"spacer.default\">\n\t\t\t\t<div class=\"elementor-widget-container\">\n\t\t\t\t\t\t\t<div class=\"elementor-spacer\">\n\t\t\t<div class=\"elementor-spacer-inner\"><\/div>\n\t\t<\/div>\n\t\t\t\t\t\t<\/div>\n\t\t\t\t<\/div>\n\t\t\t\t\t<\/div>\n\t\t\t\t<\/div>\n\t\t<div data-particle_enable=\"false\" data-particle-mobile-disabled=\"false\" class=\"elementor-element elementor-element-90fc39b e-flex e-con-boxed e-con e-parent\" data-id=\"90fc39b\" data-element_type=\"container\" data-e-type=\"container\" data-settings=\"{&quot;background_background&quot;:&quot;classic&quot;}\">\n\t\t\t\t\t<div class=\"e-con-inner\">\n\t\t<div data-particle_enable=\"false\" data-particle-mobile-disabled=\"false\" class=\"elementor-element elementor-element-7fc1db3 e-con-full e-flex e-con e-child\" data-id=\"7fc1db3\" data-element_type=\"container\" data-e-type=\"container\">\n\t\t\t\t<div class=\"elementor-element elementor-element-90e2baf elementor-widget elementor-widget-heading\" data-id=\"90e2baf\" data-element_type=\"widget\" data-e-type=\"widget\" data-widget_type=\"heading.default\">\n\t\t\t\t<div class=\"elementor-widget-container\">\n\t\t\t\t\t<h2 class=\"elementor-heading-title elementor-size-default\">N\u2019oubliez pas vos personnes \u00e0 charge!<\/h2>\t\t\t\t<\/div>\n\t\t\t\t<\/div>\n\t\t\t\t<\/div>\n\t\t<div data-particle_enable=\"false\" data-particle-mobile-disabled=\"false\" class=\"elementor-element elementor-element-76f3f33 e-con-full e-flex e-con e-child\" data-id=\"76f3f33\" data-element_type=\"container\" data-e-type=\"container\">\n\t\t\t\t<div class=\"elementor-element elementor-element-c5fe384 elementor-widget elementor-widget-text-editor\" data-id=\"c5fe384\" data-element_type=\"widget\" data-e-type=\"widget\" data-widget_type=\"text-editor.default\">\n\t\t\t\t<div class=\"elementor-widget-container\">\n\t\t\t\t\t\t\t\t\t<p>Quand vous ajoutez une nouvelle personne \u00e0 charge, cochez la case \u00e0 c\u00f4t\u00e9 de son nom pour vous assurer qu\u2019elle sera incluse dans votre r\u00e9gime.<\/p>\t\t\t\t\t\t\t\t<\/div>\n\t\t\t\t<\/div>\n\t\t\t\t<\/div>\n\t\t\t\t\t<\/div>\n\t\t\t\t<\/div>\n\t\t<div data-particle_enable=\"false\" data-particle-mobile-disabled=\"false\" class=\"elementor-element elementor-element-27dad24 e-flex e-con-boxed e-con e-parent\" data-id=\"27dad24\" data-element_type=\"container\" data-e-type=\"container\">\n\t\t\t\t\t<div class=\"e-con-inner\">\n\t\t\t\t<div class=\"elementor-element elementor-element-1de379f elementor-widget elementor-widget-spacer\" data-id=\"1de379f\" data-element_type=\"widget\" data-e-type=\"widget\" data-widget_type=\"spacer.default\">\n\t\t\t\t<div class=\"elementor-widget-container\">\n\t\t\t\t\t\t\t<div class=\"elementor-spacer\">\n\t\t\t<div class=\"elementor-spacer-inner\"><\/div>\n\t\t<\/div>\n\t\t\t\t\t\t<\/div>\n\t\t\t\t<\/div>\n\t\t\t\t\t<\/div>\n\t\t\t\t<\/div>\n\t\t<div data-particle_enable=\"false\" data-particle-mobile-disabled=\"false\" class=\"elementor-element elementor-element-c0b8a42 e-flex e-con-boxed e-con e-parent\" data-id=\"c0b8a42\" data-element_type=\"container\" data-e-type=\"container\" data-settings=\"{&quot;background_background&quot;:&quot;classic&quot;}\">\n\t\t\t\t\t<div class=\"e-con-inner\">\n\t\t<div data-particle_enable=\"false\" data-particle-mobile-disabled=\"false\" class=\"elementor-element elementor-element-6f4755e e-con-full e-flex e-con e-child\" data-id=\"6f4755e\" data-element_type=\"container\" data-e-type=\"container\">\n\t\t\t\t<div class=\"elementor-element elementor-element-539bb3f elementor-widget elementor-widget-heading\" data-id=\"539bb3f\" data-element_type=\"widget\" data-e-type=\"widget\" data-widget_type=\"heading.default\">\n\t\t\t\t<div class=\"elementor-widget-container\">\n\t\t\t\t\t<h2 class=\"elementor-heading-title elementor-size-default translation-block\">Identifiez<br>vos<br>besoins!<\/h2>\t\t\t\t<\/div>\n\t\t\t\t<\/div>\n\t\t\t\t<\/div>\n\t\t<div data-particle_enable=\"false\" data-particle-mobile-disabled=\"false\" class=\"elementor-element elementor-element-3342d01 e-con-full e-flex e-con e-child\" data-id=\"3342d01\" data-element_type=\"container\" data-e-type=\"container\">\n\t\t\t\t<div class=\"elementor-element elementor-element-875415c elementor-widget elementor-widget-text-editor\" data-id=\"875415c\" data-element_type=\"widget\" data-e-type=\"widget\" data-widget_type=\"text-editor.default\">\n\t\t\t\t<div class=\"elementor-widget-container\">\n\t\t\t\t\t\t\t\t\t<ul><li>Prenez le temps de rassembler l\u2019information sur le montant que votre famille et vous d\u00e9pensez habituellement tout au long de l\u2019ann\u00e9e pour chaque r\u00e9gime. <\/li><li>Examinez la couverture de votre conjoint et d\u00e9cidez si vous voulez coordonner vos prestations en choisissant l\u2019option 2.<\/li><li>Si vous avez des proc\u00e9dures m\u00e9dicales \u00e0 venir chez le m\u00e9decin ou le dentiste, nous vous recommandons de passer en revue les nombreuses options disponibles. <\/li><li>En comprenant quels sont vos besoins et en lisant bien toutes les options offertes, vous pouvez faire de bons choix qui correspondent \u00e0 vos d\u00e9penses anticip\u00e9es pour toute l\u2019ann\u00e9e. <\/li><\/ul>\t\t\t\t\t\t\t\t<\/div>\n\t\t\t\t<\/div>\n\t\t\t\t<\/div>\n\t\t\t\t\t<\/div>\n\t\t\t\t<\/div>\n\t\t<div data-particle_enable=\"false\" data-particle-mobile-disabled=\"false\" class=\"elementor-element elementor-element-f71567b e-flex e-con-boxed e-con e-parent\" data-id=\"f71567b\" data-element_type=\"container\" data-e-type=\"container\">\n\t\t\t\t\t<div class=\"e-con-inner\">\n\t\t\t\t<div class=\"elementor-element elementor-element-096d764 elementor-widget elementor-widget-spacer\" data-id=\"096d764\" data-element_type=\"widget\" data-e-type=\"widget\" data-widget_type=\"spacer.default\">\n\t\t\t\t<div class=\"elementor-widget-container\">\n\t\t\t\t\t\t\t<div class=\"elementor-spacer\">\n\t\t\t<div class=\"elementor-spacer-inner\"><\/div>\n\t\t<\/div>\n\t\t\t\t\t\t<\/div>\n\t\t\t\t<\/div>\n\t\t\t\t\t<\/div>\n\t\t\t\t<\/div>\n\t\t\t\t<\/div>","protected":false},"excerpt":{"rendered":"<p>Benefit Plan Options Things to Think About for 2026 https:\/\/gfstotalrewards.ca\/wp-content\/uploads\/2025\/11\/Open-Enrollment-2026-10_16_2025-10_20\u202fAM-1.mp4https:\/\/gfstotalrewards.ca\/wp-content\/uploads\/2025\/11\/5-Things-to-Remember-english.mp4 Lifestyle Spending Account The funds in this account are taxed when they are used, and can be used for a variety of different personal wellness expenses (list of eligible expenses can be found here). Funds never expire while you&#8217;re an employee at GFS. Don&#8217;t forget, [&hellip;]<\/p>\n","protected":false},"author":20,"featured_media":0,"parent":14815,"menu_order":0,"comment_status":"closed","ping_status":"closed","template":"","meta":{"footnotes":""},"class_list":["post-19129","page","type-page","status-publish","hentry"],"yoast_head":"<!-- This site is optimized with the Yoast SEO plugin v27.0 - https:\/\/yoast.com\/product\/yoast-seo-wordpress\/ -->\n<title>Things to Think About | Gordon Food Service Canada Total Rewards<\/title>\n<meta name=\"robots\" content=\"noindex, follow, max-snippet:-1, max-image-preview:large, max-video-preview:-1\" \/>\n<meta property=\"og:locale\" content=\"fr_CA\" \/>\n<meta property=\"og:type\" content=\"article\" \/>\n<meta property=\"og:title\" content=\"Things to Think About | Gordon Food Service Canada Total Rewards\" \/>\n<meta property=\"og:description\" content=\"Benefit Plan Options Things to Think About for 2026 https:\/\/gfstotalrewards.ca\/wp-content\/uploads\/2025\/11\/Open-Enrollment-2026-10_16_2025-10_20\u202fAM-1.mp4https:\/\/gfstotalrewards.ca\/wp-content\/uploads\/2025\/11\/5-Things-to-Remember-english.mp4 Lifestyle Spending Account The funds in this account are taxed when they are used, and can be used for a variety of different personal wellness expenses (list of eligible expenses can be found here). Funds never expire while you&#8217;re an employee at GFS. Don&#8217;t forget, [&hellip;]\" \/>\n<meta property=\"og:url\" content=\"https:\/\/gfstotalrewards.ca\/fr-ca\/assurances-bien-etre\/options-pour-vos-assurances\/matiere-a-reflexion\/\" \/>\n<meta property=\"og:site_name\" content=\"Gordon Food Service Canada Total Rewards\" \/>\n<meta property=\"article:publisher\" content=\"https:\/\/www.facebook.com\/GordonFoodService\" \/>\n<meta property=\"article:modified_time\" content=\"2025-11-13T16:14:41+00:00\" \/>\n<meta name=\"twitter:card\" content=\"summary_large_image\" \/>\n<meta name=\"twitter:site\" content=\"@GFSDelivers\" \/>\n<meta name=\"twitter:label1\" content=\"Estimation du temps de lecture\" \/>\n\t<meta name=\"twitter:data1\" content=\"1 minute\" \/>\n<script type=\"application\/ld+json\" class=\"yoast-schema-graph\">{\"@context\":\"https:\/\/schema.org\",\"@graph\":[{\"@type\":\"WebPage\",\"@id\":\"https:\/\/gfstotalrewards.ca\/en-ca\/benefits-wellness\/benefit-plan-options\/things-to-think-about\/\",\"url\":\"https:\/\/gfstotalrewards.ca\/en-ca\/benefits-wellness\/benefit-plan-options\/things-to-think-about\/\",\"name\":\"Things to Think About | Gordon Food Service Canada Total Rewards\",\"isPartOf\":{\"@id\":\"https:\/\/gfstotalrewards.ca\/en-ca\/#website\"},\"datePublished\":\"2025-10-22T17:57:42+00:00\",\"dateModified\":\"2025-11-13T16:14:41+00:00\",\"breadcrumb\":{\"@id\":\"https:\/\/gfstotalrewards.ca\/en-ca\/benefits-wellness\/benefit-plan-options\/things-to-think-about\/#breadcrumb\"},\"inLanguage\":\"fr-CA\",\"potentialAction\":[{\"@type\":\"ReadAction\",\"target\":[\"https:\/\/gfstotalrewards.ca\/en-ca\/benefits-wellness\/benefit-plan-options\/things-to-think-about\/\"]}]},{\"@type\":\"BreadcrumbList\",\"@id\":\"https:\/\/gfstotalrewards.ca\/en-ca\/benefits-wellness\/benefit-plan-options\/things-to-think-about\/#breadcrumb\",\"itemListElement\":[{\"@type\":\"ListItem\",\"position\":1,\"name\":\"Home\",\"item\":\"https:\/\/gfstotalrewards.ca\/en-ca\/\"},{\"@type\":\"ListItem\",\"position\":2,\"name\":\"Benefits + Wellness\",\"item\":\"https:\/\/gfstotalrewards.ca\/en-ca\/benefits-wellness\/\"},{\"@type\":\"ListItem\",\"position\":3,\"name\":\"Benefit Plan Options\",\"item\":\"https:\/\/gfstotalrewards.ca\/en-ca\/benefits-wellness\/benefit-plan-options\/\"},{\"@type\":\"ListItem\",\"position\":4,\"name\":\"Things to Think About\"}]},{\"@type\":\"WebSite\",\"@id\":\"https:\/\/gfstotalrewards.ca\/en-ca\/#website\",\"url\":\"https:\/\/gfstotalrewards.ca\/en-ca\/\",\"name\":\"Gordon Food Service Canada Total Rewards\",\"description\":\"\",\"publisher\":{\"@id\":\"https:\/\/gfstotalrewards.ca\/en-ca\/#organization\"},\"potentialAction\":[{\"@type\":\"SearchAction\",\"target\":{\"@type\":\"EntryPoint\",\"urlTemplate\":\"https:\/\/gfstotalrewards.ca\/en-ca\/?s={search_term_string}\"},\"query-input\":{\"@type\":\"PropertyValueSpecification\",\"valueRequired\":true,\"valueName\":\"search_term_string\"}}],\"inLanguage\":\"fr-CA\"},{\"@type\":\"Organization\",\"@id\":\"https:\/\/gfstotalrewards.ca\/en-ca\/#organization\",\"name\":\"Gordon Food Service Canada Total Rewards\",\"url\":\"https:\/\/gfstotalrewards.ca\/en-ca\/\",\"logo\":{\"@type\":\"ImageObject\",\"inLanguage\":\"fr-CA\",\"@id\":\"https:\/\/gfstotalrewards.ca\/en-ca\/#\/schema\/logo\/image\/\",\"url\":\"https:\/\/gfstotalrewards.ca\/wp-content\/uploads\/2022\/07\/gordon-food-service-logo.png\",\"contentUrl\":\"https:\/\/gfstotalrewards.ca\/wp-content\/uploads\/2022\/07\/gordon-food-service-logo.png\",\"width\":402,\"height\":128,\"caption\":\"Gordon Food Service Canada Total Rewards\"},\"image\":{\"@id\":\"https:\/\/gfstotalrewards.ca\/en-ca\/#\/schema\/logo\/image\/\"},\"sameAs\":[\"https:\/\/www.facebook.com\/GordonFoodService\",\"https:\/\/x.com\/GFSDelivers\",\"https:\/\/www.instagram.com\/gordonfoodservice\/\",\"https:\/\/www.youtube.com\/user\/GFSDelivers\",\"https:\/\/www.linkedin.com\/company\/gordon-food-service\/\"]}]}<\/script>\n<!-- \/ Yoast SEO plugin. -->","yoast_head_json":{"title":"Things to Think About | Gordon Food Service Canada Total Rewards","robots":{"index":"noindex","follow":"follow","max-snippet":"max-snippet:-1","max-image-preview":"max-image-preview:large","max-video-preview":"max-video-preview:-1"},"og_locale":"fr_CA","og_type":"article","og_title":"Things to Think About | Gordon Food Service Canada Total Rewards","og_description":"Benefit Plan Options Things to Think About for 2026 https:\/\/gfstotalrewards.ca\/wp-content\/uploads\/2025\/11\/Open-Enrollment-2026-10_16_2025-10_20\u202fAM-1.mp4https:\/\/gfstotalrewards.ca\/wp-content\/uploads\/2025\/11\/5-Things-to-Remember-english.mp4 Lifestyle Spending Account The funds in this account are taxed when they are used, and can be used for a variety of different personal wellness expenses (list of eligible expenses can be found here). Funds never expire while you&#8217;re an employee at GFS. Don&#8217;t forget, [&hellip;]","og_url":"https:\/\/gfstotalrewards.ca\/fr-ca\/assurances-bien-etre\/options-pour-vos-assurances\/matiere-a-reflexion\/","og_site_name":"Gordon Food Service Canada Total Rewards","article_publisher":"https:\/\/www.facebook.com\/GordonFoodService","article_modified_time":"2025-11-13T16:14:41+00:00","twitter_card":"summary_large_image","twitter_site":"@GFSDelivers","twitter_misc":{"Estimation du temps de lecture":"1 minute"},"schema":{"@context":"https:\/\/schema.org","@graph":[{"@type":"WebPage","@id":"https:\/\/gfstotalrewards.ca\/en-ca\/benefits-wellness\/benefit-plan-options\/things-to-think-about\/","url":"https:\/\/gfstotalrewards.ca\/en-ca\/benefits-wellness\/benefit-plan-options\/things-to-think-about\/","name":"Things to Think About | Gordon Food Service Canada Total Rewards","isPartOf":{"@id":"https:\/\/gfstotalrewards.ca\/en-ca\/#website"},"datePublished":"2025-10-22T17:57:42+00:00","dateModified":"2025-11-13T16:14:41+00:00","breadcrumb":{"@id":"https:\/\/gfstotalrewards.ca\/en-ca\/benefits-wellness\/benefit-plan-options\/things-to-think-about\/#breadcrumb"},"inLanguage":"fr-CA","potentialAction":[{"@type":"ReadAction","target":["https:\/\/gfstotalrewards.ca\/en-ca\/benefits-wellness\/benefit-plan-options\/things-to-think-about\/"]}]},{"@type":"BreadcrumbList","@id":"https:\/\/gfstotalrewards.ca\/en-ca\/benefits-wellness\/benefit-plan-options\/things-to-think-about\/#breadcrumb","itemListElement":[{"@type":"ListItem","position":1,"name":"Home","item":"https:\/\/gfstotalrewards.ca\/en-ca\/"},{"@type":"ListItem","position":2,"name":"Benefits + Wellness","item":"https:\/\/gfstotalrewards.ca\/en-ca\/benefits-wellness\/"},{"@type":"ListItem","position":3,"name":"Benefit Plan Options","item":"https:\/\/gfstotalrewards.ca\/en-ca\/benefits-wellness\/benefit-plan-options\/"},{"@type":"ListItem","position":4,"name":"Things to Think About"}]},{"@type":"WebSite","@id":"https:\/\/gfstotalrewards.ca\/en-ca\/#website","url":"https:\/\/gfstotalrewards.ca\/en-ca\/","name":"Gordon Food Service Canada Total Rewards","description":"","publisher":{"@id":"https:\/\/gfstotalrewards.ca\/en-ca\/#organization"},"potentialAction":[{"@type":"SearchAction","target":{"@type":"EntryPoint","urlTemplate":"https:\/\/gfstotalrewards.ca\/en-ca\/?s={search_term_string}"},"query-input":{"@type":"PropertyValueSpecification","valueRequired":true,"valueName":"search_term_string"}}],"inLanguage":"fr-CA"},{"@type":"Organization","@id":"https:\/\/gfstotalrewards.ca\/en-ca\/#organization","name":"Gordon Food Service Canada Total Rewards","url":"https:\/\/gfstotalrewards.ca\/en-ca\/","logo":{"@type":"ImageObject","inLanguage":"fr-CA","@id":"https:\/\/gfstotalrewards.ca\/en-ca\/#\/schema\/logo\/image\/","url":"https:\/\/gfstotalrewards.ca\/wp-content\/uploads\/2022\/07\/gordon-food-service-logo.png","contentUrl":"https:\/\/gfstotalrewards.ca\/wp-content\/uploads\/2022\/07\/gordon-food-service-logo.png","width":402,"height":128,"caption":"Gordon Food Service Canada Total Rewards"},"image":{"@id":"https:\/\/gfstotalrewards.ca\/en-ca\/#\/schema\/logo\/image\/"},"sameAs":["https:\/\/www.facebook.com\/GordonFoodService","https:\/\/x.com\/GFSDelivers","https:\/\/www.instagram.com\/gordonfoodservice\/","https:\/\/www.youtube.com\/user\/GFSDelivers","https:\/\/www.linkedin.com\/company\/gordon-food-service\/"]}]}},"_links":{"self":[{"href":"https:\/\/gfstotalrewards.ca\/fr-ca\/wp-json\/wp\/v2\/pages\/19129","targetHints":{"allow":["GET"]}}],"collection":[{"href":"https:\/\/gfstotalrewards.ca\/fr-ca\/wp-json\/wp\/v2\/pages"}],"about":[{"href":"https:\/\/gfstotalrewards.ca\/fr-ca\/wp-json\/wp\/v2\/types\/page"}],"author":[{"embeddable":true,"href":"https:\/\/gfstotalrewards.ca\/fr-ca\/wp-json\/wp\/v2\/users\/20"}],"replies":[{"embeddable":true,"href":"https:\/\/gfstotalrewards.ca\/fr-ca\/wp-json\/wp\/v2\/comments?post=19129"}],"version-history":[{"count":13,"href":"https:\/\/gfstotalrewards.ca\/fr-ca\/wp-json\/wp\/v2\/pages\/19129\/revisions"}],"predecessor-version":[{"id":19155,"href":"https:\/\/gfstotalrewards.ca\/fr-ca\/wp-json\/wp\/v2\/pages\/19129\/revisions\/19155"}],"up":[{"embeddable":true,"href":"https:\/\/gfstotalrewards.ca\/fr-ca\/wp-json\/wp\/v2\/pages\/14815"}],"wp:attachment":[{"href":"https:\/\/gfstotalrewards.ca\/fr-ca\/wp-json\/wp\/v2\/media?parent=19129"}],"curies":[{"name":"wp","href":"https:\/\/api.w.org\/{rel}","templated":true}]}}