{"id":18519,"date":"2024-03-15T09:22:34","date_gmt":"2024-03-15T14:22:34","guid":{"rendered":"https:\/\/gfstotalrewards.ca\/?page_id=18519"},"modified":"2025-06-06T15:10:15","modified_gmt":"2025-06-06T20:10:15","slug":"eap","status":"publish","type":"page","link":"https:\/\/gfstotalrewards.ca\/fr-ca\/benefits-wellness\/eap\/","title":{"rendered":"Programme d\u2019aide aux employ\u00e9s"},"content":{"rendered":"<div data-elementor-type=\"wp-page\" data-elementor-id=\"18519\" class=\"elementor elementor-18519\" data-elementor-post-type=\"page\">\n\t\t\t\t\t\t<section data-particle_enable=\"false\" data-particle-mobile-disabled=\"false\" class=\"elementor-section elementor-top-section elementor-element elementor-element-6a6fb0b6 elementor-section-height-min-height elementor-section-items-stretch elementor-section-boxed elementor-section-height-default\" data-id=\"6a6fb0b6\" data-element_type=\"section\" data-e-type=\"section\" data-settings=\"{&quot;background_background&quot;:&quot;classic&quot;}\">\n\t\t\t\t\t\t<div class=\"elementor-container elementor-column-gap-default\">\n\t\t\t\t\t<div class=\"elementor-column elementor-col-50 elementor-top-column elementor-element elementor-element-6b73c6ba\" data-id=\"6b73c6ba\" data-element_type=\"column\" data-e-type=\"column\">\n\t\t\t<div class=\"elementor-widget-wrap elementor-element-populated\">\n\t\t\t\t\t\t<div class=\"elementor-element elementor-element-61e0cdc5 elementor-widget__width-auto elementor-widget elementor-widget-heading\" data-id=\"61e0cdc5\" data-element_type=\"widget\" data-e-type=\"widget\" data-widget_type=\"heading.default\">\n\t\t\t\t<div class=\"elementor-widget-container\">\n\t\t\t\t\t<div class=\"elementor-heading-title elementor-size-default translation-block\">Avantages sociaux, sant\u00e9 et mieux-\u00eatre<\/div>\t\t\t\t<\/div>\n\t\t\t\t<\/div>\n\t\t\t\t<div class=\"elementor-element elementor-element-537e164b elementor-widget elementor-widget-heading\" data-id=\"537e164b\" data-element_type=\"widget\" data-e-type=\"widget\" data-widget_type=\"heading.default\">\n\t\t\t\t<div class=\"elementor-widget-container\">\n\t\t\t\t\t<h1 class=\"elementor-heading-title elementor-size-default\">Programme d\u2019aide aux employ\u00e9s<\/h1>\t\t\t\t<\/div>\n\t\t\t\t<\/div>\n\t\t\t\t<div class=\"elementor-element elementor-element-353ee5fe elementor-widget elementor-widget-text-editor\" data-id=\"353ee5fe\" data-element_type=\"widget\" data-e-type=\"widget\" data-widget_type=\"text-editor.default\">\n\t\t\t\t<div class=\"elementor-widget-container\">\n\t\t\t\t\t\t\t\t\t<p>ComPsych propose des programmes d\u2019aide aux employ\u00e9s.<\/p>\t\t\t\t\t\t\t\t<\/div>\n\t\t\t\t<\/div>\n\t\t\t\t\t<\/div>\n\t\t<\/div>\n\t\t\t\t<div class=\"elementor-column elementor-col-50 elementor-top-column elementor-element elementor-element-6f63390 elementor-hidden-tablet elementor-hidden-mobile\" data-id=\"6f63390\" data-element_type=\"column\" data-e-type=\"column\">\n\t\t\t<div class=\"elementor-widget-wrap\">\n\t\t\t\t\t\t\t<\/div>\n\t\t<\/div>\n\t\t\t\t\t<\/div>\n\t\t<\/section>\n\t\t\t\t<section data-particle_enable=\"false\" data-particle-mobile-disabled=\"false\" class=\"elementor-section elementor-top-section elementor-element elementor-element-45741ae elementor-section-boxed elementor-section-height-default elementor-section-height-default\" data-id=\"45741ae\" data-element_type=\"section\" data-e-type=\"section\">\n\t\t\t\t\t\t<div class=\"elementor-container elementor-column-gap-default\">\n\t\t\t\t\t<div class=\"elementor-column elementor-col-100 elementor-top-column elementor-element elementor-element-a00094f\" data-id=\"a00094f\" data-element_type=\"column\" data-e-type=\"column\">\n\t\t\t<div class=\"elementor-widget-wrap elementor-element-populated\">\n\t\t\t\t\t\t<div class=\"elementor-element elementor-element-6c01210 elementor-widget elementor-widget-text-editor\" data-id=\"6c01210\" data-element_type=\"widget\" data-e-type=\"widget\" data-widget_type=\"text-editor.default\">\n\t\t\t\t<div class=\"elementor-widget-container\">\n\t\t\t\t\t\t\t\t\t<p>Parfois, la vie peut \u00eatre accablante. Cependant, elle n\u2019a pas \u00e0 l\u2019\u00eatre. Votre programme ComPsych\u00ae GuidanceResources\u00ae offre des recommandations en toute confidentialit\u00e9, des conseils d\u2019experts et des ressources pr\u00e9cieuses pour vous aider \u00e0 relever tous les d\u00e9fis de la vie, petits ou grands.<\/p><p>L\u2019entreprise offre \u00e9galement \u00e0 tous les employ\u00e9s huit s\u00e9ances GRATUITES par motif de consultation.<\/p>\t\t\t\t\t\t\t\t<\/div>\n\t\t\t\t<\/div>\n\t\t<div data-particle_enable=\"false\" data-particle-mobile-disabled=\"false\" class=\"elementor-element elementor-element-57c9437 e-grid e-con-boxed e-con e-parent\" data-id=\"57c9437\" data-element_type=\"container\" data-e-type=\"container\" data-no-translation=\"\">\n\t\t\t\t\t<div class=\"e-con-inner\">\n\t\t\t\t<div class=\"elementor-element elementor-element-ff4cd82 elementor-align-center elementor-widget elementor-widget-button\" data-id=\"ff4cd82\" data-element_type=\"widget\" data-e-type=\"widget\" data-widget_type=\"button.default\">\n\t\t\t\t<div class=\"elementor-widget-container\">\n\t\t\t\t\t\t\t\t\t<div class=\"elementor-button-wrapper\">\n\t\t\t\t\t<a class=\"elementor-button elementor-button-link elementor-size-sm\" href=\"https:\/\/gfstotalrewards.ca\/wp-content\/uploads\/2025\/06\/A-Day-in-the-Life-Series.French.pdf\" target=\"_blank\">\n\t\t\t\t\t\t<span class=\"elementor-button-content-wrapper\">\n\t\t\t\t\t\t\t\t\t<span class=\"elementor-button-text\">En savoir plus<\/span>\n\t\t\t\t\t<\/span>\n\t\t\t\t\t<\/a>\n\t\t\t\t<\/div>\n\t\t\t\t\t\t\t\t<\/div>\n\t\t\t\t<\/div>\n\t\t\t\t<div class=\"elementor-element elementor-element-d052a2f elementor-align-center elementor-widget elementor-widget-button\" data-id=\"d052a2f\" data-element_type=\"widget\" data-e-type=\"widget\" data-widget_type=\"button.default\">\n\t\t\t\t<div class=\"elementor-widget-container\">\n\t\t\t\t\t\t\t\t\t<div class=\"elementor-button-wrapper\">\n\t\t\t\t\t<a class=\"elementor-button elementor-button-link elementor-size-sm\" href=\"https:\/\/gfstotalrewards.ca\/wp-content\/uploads\/2025\/06\/How-to-Register.French.pdf\" target=\"_blank\">\n\t\t\t\t\t\t<span class=\"elementor-button-content-wrapper\">\n\t\t\t\t\t\t\t\t\t<span class=\"elementor-button-text\">Guide d'utilisation pour GuidanceResources<\/span>\n\t\t\t\t\t<\/span>\n\t\t\t\t\t<\/a>\n\t\t\t\t<\/div>\n\t\t\t\t\t\t\t\t<\/div>\n\t\t\t\t<\/div>\n\t\t\t\t\t<\/div>\n\t\t\t\t<\/div>\n\t\t\t\t\t<\/div>\n\t\t<\/div>\n\t\t\t\t\t<\/div>\n\t\t<\/section>\n\t\t\t\t<section data-particle_enable=\"false\" data-particle-mobile-disabled=\"false\" class=\"elementor-section elementor-top-section elementor-element elementor-element-b388f08 elementor-section-boxed elementor-section-height-default elementor-section-height-default\" data-id=\"b388f08\" data-element_type=\"section\" data-e-type=\"section\" data-settings=\"{&quot;background_background&quot;:&quot;classic&quot;}\">\n\t\t\t\t\t\t<div class=\"elementor-container elementor-column-gap-default\">\n\t\t\t\t\t<div class=\"elementor-column elementor-col-100 elementor-top-column elementor-element elementor-element-320cfe4\" data-id=\"320cfe4\" data-element_type=\"column\" data-e-type=\"column\">\n\t\t\t<div class=\"elementor-widget-wrap elementor-element-populated\">\n\t\t\t\t\t\t<div class=\"elementor-element elementor-element-1328b2b elementor-widget elementor-widget-heading\" data-id=\"1328b2b\" data-element_type=\"widget\" data-e-type=\"widget\" data-widget_type=\"heading.default\">\n\t\t\t\t<div class=\"elementor-widget-container\">\n\t\t\t\t\t<h2 class=\"elementor-heading-title elementor-size-default\">Les services offerts par ComPsych sont les suivants :<\/h2>\t\t\t\t<\/div>\n\t\t\t\t<\/div>\n\t\t\t\t<section data-particle_enable=\"false\" data-particle-mobile-disabled=\"false\" class=\"elementor-section elementor-inner-section elementor-element elementor-element-c1bbe7b elementor-section-boxed elementor-section-height-default elementor-section-height-default\" data-id=\"c1bbe7b\" data-element_type=\"section\" data-e-type=\"section\">\n\t\t\t\t\t\t<div class=\"elementor-container elementor-column-gap-default\">\n\t\t\t\t\t<div class=\"elementor-column elementor-col-33 elementor-inner-column elementor-element elementor-element-643a6a4\" data-id=\"643a6a4\" data-element_type=\"column\" data-e-type=\"column\" data-settings=\"{&quot;background_background&quot;:&quot;classic&quot;}\">\n\t\t\t<div class=\"elementor-widget-wrap elementor-element-populated\">\n\t\t\t\t\t\t<div class=\"elementor-element elementor-element-05a8d8d elementor-widget elementor-widget-heading\" data-id=\"05a8d8d\" data-element_type=\"widget\" data-e-type=\"widget\" data-widget_type=\"heading.default\">\n\t\t\t\t<div class=\"elementor-widget-container\">\n\t\t\t\t\t<h2 class=\"elementor-heading-title elementor-size-default\">Soutien affectif confidentiel<\/h2>\t\t\t\t<\/div>\n\t\t\t\t<\/div>\n\t\t\t\t<div class=\"elementor-element elementor-element-4f45be2 elementor-widget elementor-widget-text-editor\" data-id=\"4f45be2\" data-element_type=\"widget\" data-e-type=\"widget\" data-widget_type=\"text-editor.default\">\n\t\t\t\t<div class=\"elementor-widget-container\">\n\t\t\t\t\t\t\t\t\t<p>\u2022 Anxi\u00e9t\u00e9, d\u00e9pression, stress <br \/>\u2022 Deuil, perte et adaptations \u00e0 la vie <br \/>\u2022 Conflits relationnels\/conjugaux <\/p>\t\t\t\t\t\t\t\t<\/div>\n\t\t\t\t<\/div>\n\t\t\t\t\t<\/div>\n\t\t<\/div>\n\t\t\t\t<div class=\"elementor-column elementor-col-33 elementor-inner-column elementor-element elementor-element-13f516b\" data-id=\"13f516b\" data-element_type=\"column\" data-e-type=\"column\" data-settings=\"{&quot;background_background&quot;:&quot;classic&quot;}\">\n\t\t\t<div class=\"elementor-widget-wrap elementor-element-populated\">\n\t\t\t\t\t\t<div class=\"elementor-element elementor-element-2cc6711 elementor-widget elementor-widget-heading\" data-id=\"2cc6711\" data-element_type=\"widget\" data-e-type=\"widget\" data-widget_type=\"heading.default\">\n\t\t\t\t<div class=\"elementor-widget-container\">\n\t\t\t\t\t<h2 class=\"elementor-heading-title elementor-size-default\">Soutien professionnel et mode de vie<\/h2>\t\t\t\t<\/div>\n\t\t\t\t<\/div>\n\t\t\t\t<div class=\"elementor-element elementor-element-5a0a4ec elementor-widget elementor-widget-text-editor\" data-id=\"5a0a4ec\" data-element_type=\"widget\" data-e-type=\"widget\" data-widget_type=\"text-editor.default\">\n\t\t\t\t<div class=\"elementor-widget-container\">\n\t\t\t\t\t\t\t\t\t<p>\u2022 Soins aux enfants, aux personnes \u00e2g\u00e9es et aux\nanimaux de compagnie <br \/>\u2022 D\u00e9m\u00e9nagement et relocalisation <br \/>\u2022 H\u00e9bergement et aide gouvernementale <\/p>\t\t\t\t\t\t\t\t<\/div>\n\t\t\t\t<\/div>\n\t\t\t\t\t<\/div>\n\t\t<\/div>\n\t\t\t\t<div class=\"elementor-column elementor-col-33 elementor-inner-column elementor-element elementor-element-44f0d53\" data-id=\"44f0d53\" data-element_type=\"column\" data-e-type=\"column\" data-settings=\"{&quot;background_background&quot;:&quot;classic&quot;}\">\n\t\t\t<div class=\"elementor-widget-wrap elementor-element-populated\">\n\t\t\t\t\t\t<div class=\"elementor-element elementor-element-f89bb27 elementor-widget elementor-widget-heading\" data-id=\"f89bb27\" data-element_type=\"widget\" data-e-type=\"widget\" data-widget_type=\"heading.default\">\n\t\t\t\t<div class=\"elementor-widget-container\">\n\t\t\t\t\t<h2 class=\"elementor-heading-title elementor-size-default\">Conseils juridiques<\/h2>\t\t\t\t<\/div>\n\t\t\t\t<\/div>\n\t\t\t\t<div class=\"elementor-element elementor-element-f2a80c9 elementor-widget elementor-widget-text-editor\" data-id=\"f2a80c9\" data-element_type=\"widget\" data-e-type=\"widget\" data-widget_type=\"text-editor.default\">\n\t\t\t\t<div class=\"elementor-widget-container\">\n\t\t\t\t\t\t\t\t\t<p>\u2022 Divorce, adoption et droit familial <br \/>\u2022 Testament, attribution et planification\nsuccessorale <br \/>\u2022 Testament, attribution et planification\nsuccessorale<\/p>\t\t\t\t\t\t\t\t<\/div>\n\t\t\t\t<\/div>\n\t\t\t\t\t<\/div>\n\t\t<\/div>\n\t\t\t\t\t<\/div>\n\t\t<\/section>\n\t\t\t\t<section data-particle_enable=\"false\" data-particle-mobile-disabled=\"false\" class=\"elementor-section elementor-inner-section elementor-element elementor-element-736ccae elementor-section-boxed elementor-section-height-default elementor-section-height-default\" data-id=\"736ccae\" data-element_type=\"section\" data-e-type=\"section\">\n\t\t\t\t\t\t<div class=\"elementor-container elementor-column-gap-default\">\n\t\t\t\t\t<div class=\"elementor-column elementor-col-50 elementor-inner-column elementor-element elementor-element-993a7ac\" data-id=\"993a7ac\" data-element_type=\"column\" data-e-type=\"column\" data-settings=\"{&quot;background_background&quot;:&quot;classic&quot;}\">\n\t\t\t<div class=\"elementor-widget-wrap elementor-element-populated\">\n\t\t\t\t\t\t<div class=\"elementor-element elementor-element-e6a01e1 elementor-widget elementor-widget-heading\" data-id=\"e6a01e1\" data-element_type=\"widget\" data-e-type=\"widget\" data-widget_type=\"heading.default\">\n\t\t\t\t<div class=\"elementor-widget-container\">\n\t\t\t\t\t<h2 class=\"elementor-heading-title elementor-size-default\">Ressources financi\u00e8res<\/h2>\t\t\t\t<\/div>\n\t\t\t\t<\/div>\n\t\t\t\t<div class=\"elementor-element elementor-element-00dacaf elementor-widget elementor-widget-text-editor\" data-id=\"00dacaf\" data-element_type=\"widget\" data-e-type=\"widget\" data-widget_type=\"text-editor.default\">\n\t\t\t\t<div class=\"elementor-widget-container\">\n\t\t\t\t\t\t\t\t\t<p>\u2022 Planification de la retraite, imp\u00f4ts <br \/>\u2022 Transfert, hypoth\u00e8ques, assurance <br \/>\u2022 \u00c9tablissement d\u2019un budget, dette, faillite, etc. <\/p>\t\t\t\t\t\t\t\t<\/div>\n\t\t\t\t<\/div>\n\t\t\t\t\t<\/div>\n\t\t<\/div>\n\t\t\t\t<div class=\"elementor-column elementor-col-50 elementor-inner-column elementor-element elementor-element-909482e\" data-id=\"909482e\" data-element_type=\"column\" data-e-type=\"column\" data-settings=\"{&quot;background_background&quot;:&quot;classic&quot;}\">\n\t\t\t<div class=\"elementor-widget-wrap elementor-element-populated\">\n\t\t\t\t\t\t<div class=\"elementor-element elementor-element-cacf20b elementor-widget elementor-widget-heading\" data-id=\"cacf20b\" data-element_type=\"widget\" data-e-type=\"widget\" data-widget_type=\"heading.default\">\n\t\t\t\t<div class=\"elementor-widget-container\">\n\t\t\t\t\t<h2 class=\"elementor-heading-title elementor-size-default\">Assistance num\u00e9rique<\/h2>\t\t\t\t<\/div>\n\t\t\t\t<\/div>\n\t\t\t\t<div class=\"elementor-element elementor-element-1a9dbfa elementor-widget elementor-widget-text-editor\" data-id=\"1a9dbfa\" data-element_type=\"widget\" data-e-type=\"widget\" data-widget_type=\"text-editor.default\">\n\t\t\t\t<div class=\"elementor-widget-container\">\n\t\t\t\t\t\t\t\t\t<p>\u2022 B\u00e9n\u00e9ficiez de services de conseil, de soutien \u00e0 la\nvie professionnelle ou \u00e0 d\u2019autres services <br \/>\u2022 Acc\u00e9dez \u00e0 un \u00e9ventail d\u2019articles, de balados, de\nvid\u00e9os et de pr\u00e9sentations de diapositives <br \/>\u2022 Am\u00e9liorez vos comp\u00e9tences gr\u00e2ce \u00e0 des\nformations \u00e0 la demande<\/p>\t\t\t\t\t\t\t\t<\/div>\n\t\t\t\t<\/div>\n\t\t\t\t\t<\/div>\n\t\t<\/div>\n\t\t\t\t\t<\/div>\n\t\t<\/section>\n\t\t\t\t<div class=\"elementor-element elementor-element-26726a5 elementor-widget elementor-widget-text-editor\" data-id=\"26726a5\" data-element_type=\"widget\" data-e-type=\"widget\" data-widget_type=\"text-editor.default\">\n\t\t\t\t<div class=\"elementor-widget-container\">\n\t\t\t\t\t\t\t\t\t<p>Assistance en direct 24 h\/24 et 7 j\/7 : 1 866.641.3847, En ligne : guidanceresources.com, ID Web : GFSEAP<\/p>\t\t\t\t\t\t\t\t<\/div>\n\t\t\t\t<\/div>\n\t\t\t\t\t<\/div>\n\t\t<\/div>\n\t\t\t\t\t<\/div>\n\t\t<\/section>\n\t\t\t\t<\/div>","protected":false},"excerpt":{"rendered":"<p>Benefits, Health + Wellness Employee Assistance Program Compsych provides employee assistance programs for our employees. Sometimes life can be overwhelming. However, it doesn\u2019t have to be. Your ComPsych GuidanceResources program provides confidential counseling, expert guidance and valuable resources to help you handle any of life\u2019s challenges, big or small. Compsych also offers all employees 8 [&hellip;]<\/p>\n","protected":false},"author":20,"featured_media":0,"parent":14806,"menu_order":0,"comment_status":"closed","ping_status":"closed","template":"","meta":{"footnotes":""},"class_list":["post-18519","page","type-page","status-publish","hentry"],"yoast_head":"<!-- This site is optimized with the Yoast SEO plugin v27.0 - https:\/\/yoast.com\/product\/yoast-seo-wordpress\/ -->\n<title>Employee Assistance Program | Gordon Food Service Canada Total Rewards<\/title>\n<meta name=\"description\" content=\"Compsych provides employee assistance programs for our employees.\" \/>\n<meta name=\"robots\" content=\"noindex, follow, max-snippet:-1, max-image-preview:large, max-video-preview:-1\" \/>\n<meta property=\"og:locale\" content=\"fr_CA\" \/>\n<meta property=\"og:type\" content=\"article\" \/>\n<meta property=\"og:title\" content=\"Employee Assistance Program | Gordon Food Service Canada Total Rewards\" \/>\n<meta property=\"og:description\" content=\"Compsych provides employee assistance programs for our employees.\" \/>\n<meta property=\"og:url\" content=\"https:\/\/gfstotalrewards.ca\/fr-ca\/assurances-bien-etre\/eap\/\" \/>\n<meta property=\"og:site_name\" content=\"Gordon Food Service Canada Total Rewards\" \/>\n<meta property=\"article:publisher\" content=\"https:\/\/www.facebook.com\/GordonFoodService\" \/>\n<meta property=\"article:modified_time\" content=\"2025-06-06T20:10:15+00:00\" \/>\n<meta name=\"twitter:card\" content=\"summary_large_image\" \/>\n<meta name=\"twitter:site\" content=\"@GFSDelivers\" \/>\n<meta name=\"twitter:label1\" content=\"Estimation du temps de lecture\" \/>\n\t<meta name=\"twitter:data1\" content=\"1 minute\" \/>\n<script type=\"application\/ld+json\" class=\"yoast-schema-graph\">{\"@context\":\"https:\/\/schema.org\",\"@graph\":[{\"@type\":\"WebPage\",\"@id\":\"https:\/\/gfstotalrewards.ca\/en-ca\/benefits-wellness\/eap\/\",\"url\":\"https:\/\/gfstotalrewards.ca\/en-ca\/benefits-wellness\/eap\/\",\"name\":\"Employee Assistance Program | Gordon Food Service Canada Total Rewards\",\"isPartOf\":{\"@id\":\"https:\/\/gfstotalrewards.ca\/en-ca\/#website\"},\"datePublished\":\"2024-03-15T14:22:34+00:00\",\"dateModified\":\"2025-06-06T20:10:15+00:00\",\"description\":\"Compsych provides employee assistance programs for our employees.\",\"breadcrumb\":{\"@id\":\"https:\/\/gfstotalrewards.ca\/en-ca\/benefits-wellness\/eap\/#breadcrumb\"},\"inLanguage\":\"fr-CA\",\"potentialAction\":[{\"@type\":\"ReadAction\",\"target\":[\"https:\/\/gfstotalrewards.ca\/en-ca\/benefits-wellness\/eap\/\"]}]},{\"@type\":\"BreadcrumbList\",\"@id\":\"https:\/\/gfstotalrewards.ca\/en-ca\/benefits-wellness\/eap\/#breadcrumb\",\"itemListElement\":[{\"@type\":\"ListItem\",\"position\":1,\"name\":\"Home\",\"item\":\"https:\/\/gfstotalrewards.ca\/en-ca\/\"},{\"@type\":\"ListItem\",\"position\":2,\"name\":\"Benefits + Wellness\",\"item\":\"https:\/\/gfstotalrewards.ca\/en-ca\/benefits-wellness\/\"},{\"@type\":\"ListItem\",\"position\":3,\"name\":\"Employee Assistance Program\"}]},{\"@type\":\"WebSite\",\"@id\":\"https:\/\/gfstotalrewards.ca\/en-ca\/#website\",\"url\":\"https:\/\/gfstotalrewards.ca\/en-ca\/\",\"name\":\"Gordon Food Service Canada Total Rewards\",\"description\":\"\",\"publisher\":{\"@id\":\"https:\/\/gfstotalrewards.ca\/en-ca\/#organization\"},\"potentialAction\":[{\"@type\":\"SearchAction\",\"target\":{\"@type\":\"EntryPoint\",\"urlTemplate\":\"https:\/\/gfstotalrewards.ca\/en-ca\/?s={search_term_string}\"},\"query-input\":{\"@type\":\"PropertyValueSpecification\",\"valueRequired\":true,\"valueName\":\"search_term_string\"}}],\"inLanguage\":\"fr-CA\"},{\"@type\":\"Organization\",\"@id\":\"https:\/\/gfstotalrewards.ca\/en-ca\/#organization\",\"name\":\"Gordon Food Service Canada Total Rewards\",\"url\":\"https:\/\/gfstotalrewards.ca\/en-ca\/\",\"logo\":{\"@type\":\"ImageObject\",\"inLanguage\":\"fr-CA\",\"@id\":\"https:\/\/gfstotalrewards.ca\/en-ca\/#\/schema\/logo\/image\/\",\"url\":\"https:\/\/gfstotalrewards.ca\/wp-content\/uploads\/2022\/07\/gordon-food-service-logo.png\",\"contentUrl\":\"https:\/\/gfstotalrewards.ca\/wp-content\/uploads\/2022\/07\/gordon-food-service-logo.png\",\"width\":402,\"height\":128,\"caption\":\"Gordon Food Service Canada Total Rewards\"},\"image\":{\"@id\":\"https:\/\/gfstotalrewards.ca\/en-ca\/#\/schema\/logo\/image\/\"},\"sameAs\":[\"https:\/\/www.facebook.com\/GordonFoodService\",\"https:\/\/x.com\/GFSDelivers\",\"https:\/\/www.instagram.com\/gordonfoodservice\/\",\"https:\/\/www.youtube.com\/user\/GFSDelivers\",\"https:\/\/www.linkedin.com\/company\/gordon-food-service\/\"]}]}<\/script>\n<!-- \/ Yoast SEO plugin. -->","yoast_head_json":{"title":"Employee Assistance Program | Gordon Food Service Canada Total Rewards","description":"ComPsych propose des programmes d\u2019aide aux employ\u00e9s.","robots":{"index":"noindex","follow":"follow","max-snippet":"max-snippet:-1","max-image-preview":"max-image-preview:large","max-video-preview":"max-video-preview:-1"},"og_locale":"fr_CA","og_type":"article","og_title":"Employee Assistance Program | Gordon Food Service Canada Total Rewards","og_description":"Compsych provides employee assistance programs for our employees.","og_url":"https:\/\/gfstotalrewards.ca\/fr-ca\/assurances-bien-etre\/eap\/","og_site_name":"Gordon Food Service Canada Total Rewards","article_publisher":"https:\/\/www.facebook.com\/GordonFoodService","article_modified_time":"2025-06-06T20:10:15+00:00","twitter_card":"summary_large_image","twitter_site":"@GFSDelivers","twitter_misc":{"Estimation du temps de lecture":"1 minute"},"schema":{"@context":"https:\/\/schema.org","@graph":[{"@type":"WebPage","@id":"https:\/\/gfstotalrewards.ca\/en-ca\/benefits-wellness\/eap\/","url":"https:\/\/gfstotalrewards.ca\/en-ca\/benefits-wellness\/eap\/","name":"Employee Assistance Program | Gordon Food Service Canada Total Rewards","isPartOf":{"@id":"https:\/\/gfstotalrewards.ca\/en-ca\/#website"},"datePublished":"2024-03-15T14:22:34+00:00","dateModified":"2025-06-06T20:10:15+00:00","description":"ComPsych propose des programmes d\u2019aide aux employ\u00e9s.","breadcrumb":{"@id":"https:\/\/gfstotalrewards.ca\/en-ca\/benefits-wellness\/eap\/#breadcrumb"},"inLanguage":"fr-CA","potentialAction":[{"@type":"ReadAction","target":["https:\/\/gfstotalrewards.ca\/en-ca\/benefits-wellness\/eap\/"]}]},{"@type":"BreadcrumbList","@id":"https:\/\/gfstotalrewards.ca\/en-ca\/benefits-wellness\/eap\/#breadcrumb","itemListElement":[{"@type":"ListItem","position":1,"name":"Home","item":"https:\/\/gfstotalrewards.ca\/en-ca\/"},{"@type":"ListItem","position":2,"name":"Benefits + Wellness","item":"https:\/\/gfstotalrewards.ca\/en-ca\/benefits-wellness\/"},{"@type":"ListItem","position":3,"name":"Employee Assistance Program"}]},{"@type":"WebSite","@id":"https:\/\/gfstotalrewards.ca\/en-ca\/#website","url":"https:\/\/gfstotalrewards.ca\/en-ca\/","name":"Gordon Food Service Canada Total Rewards","description":"","publisher":{"@id":"https:\/\/gfstotalrewards.ca\/en-ca\/#organization"},"potentialAction":[{"@type":"SearchAction","target":{"@type":"EntryPoint","urlTemplate":"https:\/\/gfstotalrewards.ca\/en-ca\/?s={search_term_string}"},"query-input":{"@type":"PropertyValueSpecification","valueRequired":true,"valueName":"search_term_string"}}],"inLanguage":"fr-CA"},{"@type":"Organization","@id":"https:\/\/gfstotalrewards.ca\/en-ca\/#organization","name":"Gordon Food Service Canada Total Rewards","url":"https:\/\/gfstotalrewards.ca\/en-ca\/","logo":{"@type":"ImageObject","inLanguage":"fr-CA","@id":"https:\/\/gfstotalrewards.ca\/en-ca\/#\/schema\/logo\/image\/","url":"https:\/\/gfstotalrewards.ca\/wp-content\/uploads\/2022\/07\/gordon-food-service-logo.png","contentUrl":"https:\/\/gfstotalrewards.ca\/wp-content\/uploads\/2022\/07\/gordon-food-service-logo.png","width":402,"height":128,"caption":"Gordon Food Service Canada Total Rewards"},"image":{"@id":"https:\/\/gfstotalrewards.ca\/en-ca\/#\/schema\/logo\/image\/"},"sameAs":["https:\/\/www.facebook.com\/GordonFoodService","https:\/\/x.com\/GFSDelivers","https:\/\/www.instagram.com\/gordonfoodservice\/","https:\/\/www.youtube.com\/user\/GFSDelivers","https:\/\/www.linkedin.com\/company\/gordon-food-service\/"]}]}},"_links":{"self":[{"href":"https:\/\/gfstotalrewards.ca\/fr-ca\/wp-json\/wp\/v2\/pages\/18519","targetHints":{"allow":["GET"]}}],"collection":[{"href":"https:\/\/gfstotalrewards.ca\/fr-ca\/wp-json\/wp\/v2\/pages"}],"about":[{"href":"https:\/\/gfstotalrewards.ca\/fr-ca\/wp-json\/wp\/v2\/types\/page"}],"author":[{"embeddable":true,"href":"https:\/\/gfstotalrewards.ca\/fr-ca\/wp-json\/wp\/v2\/users\/20"}],"replies":[{"embeddable":true,"href":"https:\/\/gfstotalrewards.ca\/fr-ca\/wp-json\/wp\/v2\/comments?post=18519"}],"version-history":[{"count":10,"href":"https:\/\/gfstotalrewards.ca\/fr-ca\/wp-json\/wp\/v2\/pages\/18519\/revisions"}],"predecessor-version":[{"id":19094,"href":"https:\/\/gfstotalrewards.ca\/fr-ca\/wp-json\/wp\/v2\/pages\/18519\/revisions\/19094"}],"up":[{"embeddable":true,"href":"https:\/\/gfstotalrewards.ca\/fr-ca\/wp-json\/wp\/v2\/pages\/14806"}],"wp:attachment":[{"href":"https:\/\/gfstotalrewards.ca\/fr-ca\/wp-json\/wp\/v2\/media?parent=18519"}],"curies":[{"name":"wp","href":"https:\/\/api.w.org\/{rel}","templated":true}]}}