{"id":14792,"date":"2023-06-15T12:50:17","date_gmt":"2023-06-15T17:50:17","guid":{"rendered":"https:\/\/gfstotalrewards.ca\/?page_id=14792"},"modified":"2023-10-31T14:35:28","modified_gmt":"2023-10-31T19:35:28","slug":"evenements-marquants","status":"publish","type":"page","link":"https:\/\/gfstotalrewards.ca\/fr-ca\/benefits-enrollment\/life-changes\/","title":{"rendered":"\u00c9v\u00e9nements marquants"},"content":{"rendered":"<div data-elementor-type=\"wp-page\" data-elementor-id=\"14792\" class=\"elementor elementor-14792\" data-elementor-post-type=\"page\">\n\t\t\t\t\t\t<section data-particle_enable=\"false\" data-particle-mobile-disabled=\"false\" class=\"elementor-section elementor-top-section elementor-element elementor-element-30307dc7 elementor-section-height-min-height elementor-section-items-stretch elementor-section-boxed elementor-section-height-default\" data-id=\"30307dc7\" data-element_type=\"section\" data-e-type=\"section\" data-settings=\"{&quot;background_background&quot;:&quot;classic&quot;}\">\n\t\t\t\t\t\t<div class=\"elementor-container elementor-column-gap-default\">\n\t\t\t\t\t<div class=\"elementor-column elementor-col-50 elementor-top-column elementor-element elementor-element-2c7cf511\" data-id=\"2c7cf511\" data-element_type=\"column\" data-e-type=\"column\">\n\t\t\t<div class=\"elementor-widget-wrap elementor-element-populated\">\n\t\t\t\t\t\t<div class=\"elementor-element elementor-element-e8bace5 elementor-widget__width-auto elementor-widget elementor-widget-heading\" data-id=\"e8bace5\" data-element_type=\"widget\" data-e-type=\"widget\" data-widget_type=\"heading.default\">\n\t\t\t\t<div class=\"elementor-widget-container\">\n\t\t\t\t\t<div class=\"elementor-heading-title elementor-size-default translation-block\">Adh\u00e9sion aux <br> avantages sociaux<\/div>\t\t\t\t<\/div>\n\t\t\t\t<\/div>\n\t\t\t\t<div class=\"elementor-element elementor-element-7fca942 elementor-widget elementor-widget-heading\" data-id=\"7fca942\" data-element_type=\"widget\" data-e-type=\"widget\" data-widget_type=\"heading.default\">\n\t\t\t\t<div class=\"elementor-widget-container\">\n\t\t\t\t\t<h1 class=\"elementor-heading-title elementor-size-default\">\u00c9v\u00e9nements marquants<\/h1>\t\t\t\t<\/div>\n\t\t\t\t<\/div>\n\t\t\t\t<div class=\"elementor-element elementor-element-6a74f23 elementor-widget elementor-widget-text-editor\" data-id=\"6a74f23\" data-element_type=\"widget\" data-e-type=\"widget\" data-widget_type=\"text-editor.default\">\n\t\t\t\t<div class=\"elementor-widget-container\">\n\t\t\t\t\t\t\t\t\t<p>Vous pouvez modifier le nombre de personnes \u00e0 votre charge et vos options de protections chaque ann\u00e9e durant la p\u00e9riode d\u2019adh\u00e9sion annuelle ou si vous avez un \u00e9v\u00e9nement marquant admissible.<\/p>\t\t\t\t\t\t\t\t<\/div>\n\t\t\t\t<\/div>\n\t\t\t\t\t<\/div>\n\t\t<\/div>\n\t\t\t\t<div class=\"elementor-column elementor-col-50 elementor-top-column elementor-element elementor-element-7e6909d6 elementor-hidden-tablet elementor-hidden-mobile\" data-id=\"7e6909d6\" data-element_type=\"column\" data-e-type=\"column\">\n\t\t\t<div class=\"elementor-widget-wrap\">\n\t\t\t\t\t\t\t<\/div>\n\t\t<\/div>\n\t\t\t\t\t<\/div>\n\t\t<\/section>\n\t\t\t\t<section data-particle_enable=\"false\" data-particle-mobile-disabled=\"false\" class=\"elementor-section elementor-top-section elementor-element elementor-element-a8d1205 elementor-section-boxed elementor-section-height-default elementor-section-height-default\" data-id=\"a8d1205\" data-element_type=\"section\" data-e-type=\"section\">\n\t\t\t\t\t\t<div class=\"elementor-container elementor-column-gap-default\">\n\t\t\t\t\t<div class=\"elementor-column elementor-col-100 elementor-top-column elementor-element elementor-element-10711d5\" data-id=\"10711d5\" data-element_type=\"column\" data-e-type=\"column\">\n\t\t\t<div class=\"elementor-widget-wrap elementor-element-populated\">\n\t\t\t\t\t\t<div class=\"elementor-element elementor-element-9cc1340 elementor-widget elementor-widget-heading\" data-id=\"9cc1340\" data-element_type=\"widget\" data-e-type=\"widget\" data-widget_type=\"heading.default\">\n\t\t\t\t<div class=\"elementor-widget-container\">\n\t\t\t\t\t<h2 class=\"elementor-heading-title elementor-size-default\">Modification de vos protections \u00e0 la suite d\u2019un \u00e9v\u00e9nement marquant admissible<\/h2>\t\t\t\t<\/div>\n\t\t\t\t<\/div>\n\t\t\t\t<section data-particle_enable=\"false\" data-particle-mobile-disabled=\"false\" class=\"elementor-section elementor-inner-section elementor-element elementor-element-387c1b5 elementor-section-boxed elementor-section-height-default elementor-section-height-default\" data-id=\"387c1b5\" data-element_type=\"section\" data-e-type=\"section\">\n\t\t\t\t\t\t<div class=\"elementor-container elementor-column-gap-default\">\n\t\t\t\t\t<div class=\"elementor-column elementor-col-50 elementor-inner-column elementor-element elementor-element-86d0c7b\" data-id=\"86d0c7b\" data-element_type=\"column\" data-e-type=\"column\">\n\t\t\t<div class=\"elementor-widget-wrap elementor-element-populated\">\n\t\t\t\t\t\t<div class=\"elementor-element elementor-element-61795d1 elementor-widget elementor-widget-text-editor\" data-id=\"61795d1\" data-element_type=\"widget\" data-e-type=\"widget\" data-widget_type=\"text-editor.default\">\n\t\t\t\t<div class=\"elementor-widget-container\">\n\t\t\t\t\t\t\t\t\t<p><strong>En tout temps pendant l\u2019ann\u00e9e, vous pouvez modifier vos options si l\u2019un de ces \u00e9v\u00e9nements marquants se produit  :<\/strong><\/p>\t\t\t\t\t\t\t\t<\/div>\n\t\t\t\t<\/div>\n\t\t\t\t\t<\/div>\n\t\t<\/div>\n\t\t\t\t<div class=\"elementor-column elementor-col-50 elementor-inner-column elementor-element elementor-element-4ca0b2f\" data-id=\"4ca0b2f\" data-element_type=\"column\" data-e-type=\"column\">\n\t\t\t<div class=\"elementor-widget-wrap elementor-element-populated\">\n\t\t\t\t\t\t<div class=\"elementor-element elementor-element-2add903 elementor-widget__width-initial elementor-widget elementor-widget-text-editor\" data-id=\"2add903\" data-element_type=\"widget\" data-e-type=\"widget\" data-widget_type=\"text-editor.default\">\n\t\t\t\t<div class=\"elementor-widget-container\">\n\t\t\t\t\t\t\t\t\t<p>\u2022 Mariage ou anniversaire de 12 mois de l\u2019union libre<br \/>\u2022 Divorce, s\u00e9paration ou fin de l\u2019union de fait<br \/>\u2022 Naissance ou adoption d\u2019un enfant<br \/>\u2022 Fin de l\u2019admissibilit\u00e9 d\u2019un enfant \u00e0 titre de personne \u00e0 charge (mariage, \u00e2ge limite, fin des \u00e9tudes, etc.)<br \/>\u2022 R\u00e9cent changement de division \/ retour au travail<br \/>\u2022 Ajout ou perte de protection dans le cadre du programme du conjoint<br \/>\u2022 D\u00e9c\u00e8s du conjoint ou d\u2019un enfant<\/p>\t\t\t\t\t\t\t\t<\/div>\n\t\t\t\t<\/div>\n\t\t\t\t<div class=\"elementor-element elementor-element-77990e4 elementor-widget elementor-widget-text-editor\" data-id=\"77990e4\" data-element_type=\"widget\" data-e-type=\"widget\" data-widget_type=\"text-editor.default\">\n\t\t\t\t<div class=\"elementor-widget-container\">\n\t\t\t\t\t\t\t\t\t<p>Vous avez 30 jours apr\u00e8s l\u2019\u00e9v\u00e9nement marquant pour faire vos modifications dans Workday.<\/p>\t\t\t\t\t\t\t\t<\/div>\n\t\t\t\t<\/div>\n\t\t\t\t\t<\/div>\n\t\t<\/div>\n\t\t\t\t\t<\/div>\n\t\t<\/section>\n\t\t\t\t\t<\/div>\n\t\t<\/div>\n\t\t\t\t\t<\/div>\n\t\t<\/section>\n\t\t\t\t<section data-particle_enable=\"false\" data-particle-mobile-disabled=\"false\" class=\"elementor-section elementor-top-section elementor-element elementor-element-ec57f63 elementor-section-boxed elementor-section-height-default elementor-section-height-default\" data-id=\"ec57f63\" data-element_type=\"section\" data-e-type=\"section\" data-settings=\"{&quot;background_background&quot;:&quot;classic&quot;}\">\n\t\t\t\t\t\t<div class=\"elementor-container elementor-column-gap-default\">\n\t\t\t\t\t<div class=\"elementor-column elementor-col-100 elementor-top-column elementor-element elementor-element-6f00ddb\" data-id=\"6f00ddb\" data-element_type=\"column\" data-e-type=\"column\">\n\t\t\t<div class=\"elementor-widget-wrap elementor-element-populated\">\n\t\t\t\t\t\t<div class=\"elementor-element elementor-element-58a76c5 elementor-widget elementor-widget-heading\" data-id=\"58a76c5\" data-element_type=\"widget\" data-e-type=\"widget\" data-widget_type=\"heading.default\">\n\t\t\t\t<div class=\"elementor-widget-container\">\n\t\t\t\t\t<h2 class=\"elementor-heading-title elementor-size-default\">Vous ne savez pas comment effectuer ces changements dans Workday?<\/h2>\t\t\t\t<\/div>\n\t\t\t\t<\/div>\n\t\t\t\t<div class=\"elementor-element elementor-element-5b7456f elementor-widget elementor-widget-text-editor\" data-id=\"5b7456f\" data-element_type=\"widget\" data-e-type=\"widget\" data-widget_type=\"text-editor.default\">\n\t\t\t\t<div class=\"elementor-widget-container\">\n\t\t\t\t\t\t\t\t\t<p>Consultez la section des avantages sociaux du Centre de formation Workday pour en savoir plus sur la modification de vos choix par l\u2019entremise de la plateforme Workday.<\/p>\t\t\t\t\t\t\t\t<\/div>\n\t\t\t\t<\/div>\n\t\t\t\t<div class=\"elementor-element elementor-element-e632d4f elementor-align-center elementor-widget elementor-widget-button\" data-id=\"e632d4f\" data-element_type=\"widget\" data-e-type=\"widget\" data-no-translation=\"\" data-widget_type=\"button.default\">\n\t\t\t\t<div class=\"elementor-widget-container\">\n\t\t\t\t\t<style>.elementor-element-e632d4f{display:none !important}<\/style>\t\t\t\t<\/div>\n\t\t\t\t<\/div>\n\t\t\t\t<div class=\"elementor-element elementor-element-3f216a3 elementor-align-center elementor-widget elementor-widget-button\" data-id=\"3f216a3\" data-element_type=\"widget\" data-e-type=\"widget\" data-no-translation=\"\" data-widget_type=\"button.default\">\n\t\t\t\t<div class=\"elementor-widget-container\">\n\t\t\t\t\t\t\t\t\t<div class=\"elementor-button-wrapper\">\n\t\t\t\t\t<a class=\"elementor-button elementor-button-link elementor-size-sm\" href=\"https:\/\/docs.google.com\/document\/d\/1K2M7XYaWh3-4Oe4gK39j5vWfaJ-DgNZh93jT8FpaNtI\/edit#heading=h.e33f0260mcjn\" target=\"_blank\">\n\t\t\t\t\t\t<span class=\"elementor-button-content-wrapper\">\n\t\t\t\t\t\t<span class=\"elementor-button-icon\">\n\t\t\t\t<i aria-hidden=\"true\" class=\"fas fa-arrow-right\"><\/i>\t\t\t<\/span>\n\t\t\t\t\t\t\t\t\t<span class=\"elementor-button-text\">Voir le guide de Workday<\/span>\n\t\t\t\t\t<\/span>\n\t\t\t\t\t<\/a>\n\t\t\t\t<\/div>\n\t\t\t\t\t\t\t\t<\/div>\n\t\t\t\t<\/div>\n\t\t\t\t\t<\/div>\n\t\t<\/div>\n\t\t\t\t\t<\/div>\n\t\t<\/section>\n\t\t\t\t<\/div>","protected":false},"excerpt":{"rendered":"<p>Benefits Enrollment Life Changes You can modify your dependents and benefits annually during open enrollment or if you have an eligible life event. Changing Your Choices as a Result of an Eligible Life Event During the year, you may enroll and\/or change your options if one of the following events occurs: \u2022 Marriage or the [&hellip;]<\/p>\n","protected":false},"author":20,"featured_media":0,"parent":14770,"menu_order":0,"comment_status":"closed","ping_status":"closed","template":"","meta":{"footnotes":""},"class_list":["post-14792","page","type-page","status-publish","hentry"],"yoast_head":"<!-- This site is optimized with the Yoast SEO plugin v27.0 - https:\/\/yoast.com\/product\/yoast-seo-wordpress\/ -->\n<title>Life Changes | Gordon Food Service Canada Total Rewards<\/title>\n<meta name=\"robots\" content=\"noindex, follow, max-snippet:-1, max-image-preview:large, max-video-preview:-1\" \/>\n<meta property=\"og:locale\" content=\"fr_CA\" \/>\n<meta property=\"og:type\" content=\"article\" \/>\n<meta property=\"og:title\" content=\"Life Changes | Gordon Food Service Canada Total Rewards\" \/>\n<meta property=\"og:description\" content=\"Benefits Enrollment Life Changes You can modify your dependents and benefits annually during open enrollment or if you have an eligible life event. Changing Your Choices as a Result of an Eligible Life Event During the year, you may enroll and\/or change your options if one of the following events occurs: \u2022 Marriage or the [&hellip;]\" \/>\n<meta property=\"og:url\" content=\"https:\/\/gfstotalrewards.ca\/fr-ca\/adhesion-aux-avantages-sociaux\/evenements-marquants\/\" \/>\n<meta property=\"og:site_name\" content=\"Gordon Food Service Canada Total Rewards\" \/>\n<meta property=\"article:publisher\" content=\"https:\/\/www.facebook.com\/GordonFoodService\" \/>\n<meta property=\"article:modified_time\" content=\"2023-10-31T19:35:28+00:00\" \/>\n<meta name=\"twitter:card\" content=\"summary_large_image\" \/>\n<meta name=\"twitter:site\" content=\"@GFSDelivers\" \/>\n<meta name=\"twitter:label1\" content=\"Estimation du temps de lecture\" \/>\n\t<meta name=\"twitter:data1\" content=\"1 minute\" \/>\n<script type=\"application\/ld+json\" class=\"yoast-schema-graph\">{\"@context\":\"https:\/\/schema.org\",\"@graph\":[{\"@type\":\"WebPage\",\"@id\":\"https:\/\/gfstotalrewards.ca\/fr-ca\/adhesion-aux-avantages-sociaux\/evenements-marquants\/\",\"url\":\"https:\/\/gfstotalrewards.ca\/fr-ca\/adhesion-aux-avantages-sociaux\/evenements-marquants\/\",\"name\":\"Life Changes | Gordon Food Service Canada Total Rewards\",\"isPartOf\":{\"@id\":\"https:\/\/gfstotalrewards.ca\/en-ca\/#website\"},\"datePublished\":\"2023-06-15T17:50:17+00:00\",\"dateModified\":\"2023-10-31T19:35:28+00:00\",\"breadcrumb\":{\"@id\":\"https:\/\/gfstotalrewards.ca\/fr-ca\/adhesion-aux-avantages-sociaux\/evenements-marquants\/#breadcrumb\"},\"inLanguage\":\"fr-CA\",\"potentialAction\":[{\"@type\":\"ReadAction\",\"target\":[\"https:\/\/gfstotalrewards.ca\/fr-ca\/adhesion-aux-avantages-sociaux\/evenements-marquants\/\"]}]},{\"@type\":\"BreadcrumbList\",\"@id\":\"https:\/\/gfstotalrewards.ca\/fr-ca\/adhesion-aux-avantages-sociaux\/evenements-marquants\/#breadcrumb\",\"itemListElement\":[{\"@type\":\"ListItem\",\"position\":1,\"name\":\"Home\",\"item\":\"https:\/\/gfstotalrewards.ca\/en-ca\/\"},{\"@type\":\"ListItem\",\"position\":2,\"name\":\"Benefits Enrollment\",\"item\":\"https:\/\/gfstotalrewards.ca\/fr-ca\/adhesion-aux-avantages-sociaux\/\"},{\"@type\":\"ListItem\",\"position\":3,\"name\":\"Life Changes\"}]},{\"@type\":\"WebSite\",\"@id\":\"https:\/\/gfstotalrewards.ca\/en-ca\/#website\",\"url\":\"https:\/\/gfstotalrewards.ca\/en-ca\/\",\"name\":\"Gordon Food Service Canada Total Rewards\",\"description\":\"\",\"publisher\":{\"@id\":\"https:\/\/gfstotalrewards.ca\/en-ca\/#organization\"},\"potentialAction\":[{\"@type\":\"SearchAction\",\"target\":{\"@type\":\"EntryPoint\",\"urlTemplate\":\"https:\/\/gfstotalrewards.ca\/en-ca\/?s={search_term_string}\"},\"query-input\":{\"@type\":\"PropertyValueSpecification\",\"valueRequired\":true,\"valueName\":\"search_term_string\"}}],\"inLanguage\":\"fr-CA\"},{\"@type\":\"Organization\",\"@id\":\"https:\/\/gfstotalrewards.ca\/en-ca\/#organization\",\"name\":\"Gordon Food Service Canada Total Rewards\",\"url\":\"https:\/\/gfstotalrewards.ca\/en-ca\/\",\"logo\":{\"@type\":\"ImageObject\",\"inLanguage\":\"fr-CA\",\"@id\":\"https:\/\/gfstotalrewards.ca\/en-ca\/#\/schema\/logo\/image\/\",\"url\":\"https:\/\/gfstotalrewards.ca\/wp-content\/uploads\/2022\/07\/gordon-food-service-logo.png\",\"contentUrl\":\"https:\/\/gfstotalrewards.ca\/wp-content\/uploads\/2022\/07\/gordon-food-service-logo.png\",\"width\":402,\"height\":128,\"caption\":\"Gordon Food Service Canada Total Rewards\"},\"image\":{\"@id\":\"https:\/\/gfstotalrewards.ca\/en-ca\/#\/schema\/logo\/image\/\"},\"sameAs\":[\"https:\/\/www.facebook.com\/GordonFoodService\",\"https:\/\/x.com\/GFSDelivers\",\"https:\/\/www.instagram.com\/gordonfoodservice\/\",\"https:\/\/www.youtube.com\/user\/GFSDelivers\",\"https:\/\/www.linkedin.com\/company\/gordon-food-service\/\"]}]}<\/script>\n<!-- \/ Yoast SEO plugin. -->","yoast_head_json":{"title":"Life Changes | Gordon Food Service Canada Total Rewards","robots":{"index":"noindex","follow":"follow","max-snippet":"max-snippet:-1","max-image-preview":"max-image-preview:large","max-video-preview":"max-video-preview:-1"},"og_locale":"fr_CA","og_type":"article","og_title":"Life Changes | Gordon Food Service Canada Total Rewards","og_description":"Benefits Enrollment Life Changes You can modify your dependents and benefits annually during open enrollment or if you have an eligible life event. Changing Your Choices as a Result of an Eligible Life Event During the year, you may enroll and\/or change your options if one of the following events occurs: \u2022 Marriage or the [&hellip;]","og_url":"https:\/\/gfstotalrewards.ca\/fr-ca\/adhesion-aux-avantages-sociaux\/evenements-marquants\/","og_site_name":"Gordon Food Service Canada Total Rewards","article_publisher":"https:\/\/www.facebook.com\/GordonFoodService","article_modified_time":"2023-10-31T19:35:28+00:00","twitter_card":"summary_large_image","twitter_site":"@GFSDelivers","twitter_misc":{"Estimation du temps de lecture":"1 minute"},"schema":{"@context":"https:\/\/schema.org","@graph":[{"@type":"WebPage","@id":"https:\/\/gfstotalrewards.ca\/fr-ca\/adhesion-aux-avantages-sociaux\/evenements-marquants\/","url":"https:\/\/gfstotalrewards.ca\/fr-ca\/adhesion-aux-avantages-sociaux\/evenements-marquants\/","name":"Life Changes | Gordon Food Service Canada Total Rewards","isPartOf":{"@id":"https:\/\/gfstotalrewards.ca\/en-ca\/#website"},"datePublished":"2023-06-15T17:50:17+00:00","dateModified":"2023-10-31T19:35:28+00:00","breadcrumb":{"@id":"https:\/\/gfstotalrewards.ca\/fr-ca\/adhesion-aux-avantages-sociaux\/evenements-marquants\/#breadcrumb"},"inLanguage":"fr-CA","potentialAction":[{"@type":"ReadAction","target":["https:\/\/gfstotalrewards.ca\/fr-ca\/adhesion-aux-avantages-sociaux\/evenements-marquants\/"]}]},{"@type":"BreadcrumbList","@id":"https:\/\/gfstotalrewards.ca\/fr-ca\/adhesion-aux-avantages-sociaux\/evenements-marquants\/#breadcrumb","itemListElement":[{"@type":"ListItem","position":1,"name":"Home","item":"https:\/\/gfstotalrewards.ca\/en-ca\/"},{"@type":"ListItem","position":2,"name":"Benefits Enrollment","item":"https:\/\/gfstotalrewards.ca\/fr-ca\/adhesion-aux-avantages-sociaux\/"},{"@type":"ListItem","position":3,"name":"Life Changes"}]},{"@type":"WebSite","@id":"https:\/\/gfstotalrewards.ca\/en-ca\/#website","url":"https:\/\/gfstotalrewards.ca\/en-ca\/","name":"Gordon Food Service Canada Total Rewards","description":"","publisher":{"@id":"https:\/\/gfstotalrewards.ca\/en-ca\/#organization"},"potentialAction":[{"@type":"SearchAction","target":{"@type":"EntryPoint","urlTemplate":"https:\/\/gfstotalrewards.ca\/en-ca\/?s={search_term_string}"},"query-input":{"@type":"PropertyValueSpecification","valueRequired":true,"valueName":"search_term_string"}}],"inLanguage":"fr-CA"},{"@type":"Organization","@id":"https:\/\/gfstotalrewards.ca\/en-ca\/#organization","name":"Gordon Food Service Canada Total Rewards","url":"https:\/\/gfstotalrewards.ca\/en-ca\/","logo":{"@type":"ImageObject","inLanguage":"fr-CA","@id":"https:\/\/gfstotalrewards.ca\/en-ca\/#\/schema\/logo\/image\/","url":"https:\/\/gfstotalrewards.ca\/wp-content\/uploads\/2022\/07\/gordon-food-service-logo.png","contentUrl":"https:\/\/gfstotalrewards.ca\/wp-content\/uploads\/2022\/07\/gordon-food-service-logo.png","width":402,"height":128,"caption":"Gordon Food Service Canada Total Rewards"},"image":{"@id":"https:\/\/gfstotalrewards.ca\/en-ca\/#\/schema\/logo\/image\/"},"sameAs":["https:\/\/www.facebook.com\/GordonFoodService","https:\/\/x.com\/GFSDelivers","https:\/\/www.instagram.com\/gordonfoodservice\/","https:\/\/www.youtube.com\/user\/GFSDelivers","https:\/\/www.linkedin.com\/company\/gordon-food-service\/"]}]}},"_links":{"self":[{"href":"https:\/\/gfstotalrewards.ca\/fr-ca\/wp-json\/wp\/v2\/pages\/14792","targetHints":{"allow":["GET"]}}],"collection":[{"href":"https:\/\/gfstotalrewards.ca\/fr-ca\/wp-json\/wp\/v2\/pages"}],"about":[{"href":"https:\/\/gfstotalrewards.ca\/fr-ca\/wp-json\/wp\/v2\/types\/page"}],"author":[{"embeddable":true,"href":"https:\/\/gfstotalrewards.ca\/fr-ca\/wp-json\/wp\/v2\/users\/20"}],"replies":[{"embeddable":true,"href":"https:\/\/gfstotalrewards.ca\/fr-ca\/wp-json\/wp\/v2\/comments?post=14792"}],"version-history":[{"count":67,"href":"https:\/\/gfstotalrewards.ca\/fr-ca\/wp-json\/wp\/v2\/pages\/14792\/revisions"}],"predecessor-version":[{"id":18352,"href":"https:\/\/gfstotalrewards.ca\/fr-ca\/wp-json\/wp\/v2\/pages\/14792\/revisions\/18352"}],"up":[{"embeddable":true,"href":"https:\/\/gfstotalrewards.ca\/fr-ca\/wp-json\/wp\/v2\/pages\/14770"}],"wp:attachment":[{"href":"https:\/\/gfstotalrewards.ca\/fr-ca\/wp-json\/wp\/v2\/media?parent=14792"}],"curies":[{"name":"wp","href":"https:\/\/api.w.org\/{rel}","templated":true}]}}