{"id":14775,"date":"2023-06-15T12:37:23","date_gmt":"2023-06-15T17:37:23","guid":{"rendered":"https:\/\/gfstotalrewards.ca\/?page_id=14775"},"modified":"2023-08-22T07:32:27","modified_gmt":"2023-08-22T12:32:27","slug":"admissibilite","status":"publish","type":"page","link":"https:\/\/gfstotalrewards.ca\/fr-ca\/benefits-enrollment\/eligibility\/","title":{"rendered":"Admissibilit\u00e9"},"content":{"rendered":"<div data-elementor-type=\"wp-page\" data-elementor-id=\"14775\" class=\"elementor elementor-14775\" data-elementor-post-type=\"page\">\n\t\t\t\t\t\t<section data-particle_enable=\"false\" data-particle-mobile-disabled=\"false\" class=\"elementor-section elementor-top-section elementor-element elementor-element-30307dc7 elementor-section-height-min-height elementor-section-items-stretch elementor-section-boxed elementor-section-height-default\" data-id=\"30307dc7\" data-element_type=\"section\" data-e-type=\"section\" data-settings=\"{&quot;background_background&quot;:&quot;classic&quot;}\">\n\t\t\t\t\t\t<div class=\"elementor-container elementor-column-gap-default\">\n\t\t\t\t\t<div class=\"elementor-column elementor-col-50 elementor-top-column elementor-element elementor-element-2c7cf511\" data-id=\"2c7cf511\" data-element_type=\"column\" data-e-type=\"column\">\n\t\t\t<div class=\"elementor-widget-wrap elementor-element-populated\">\n\t\t\t\t\t\t<div class=\"elementor-element elementor-element-cfca2dc elementor-widget__width-auto elementor-widget elementor-widget-heading\" data-id=\"cfca2dc\" data-element_type=\"widget\" data-e-type=\"widget\" data-widget_type=\"heading.default\">\n\t\t\t\t<div class=\"elementor-widget-container\">\n\t\t\t\t\t<div class=\"elementor-heading-title elementor-size-default translation-block\">Adh\u00e9sion aux <br> avantages sociaux<\/div>\t\t\t\t<\/div>\n\t\t\t\t<\/div>\n\t\t\t\t<div class=\"elementor-element elementor-element-7fca942 elementor-widget elementor-widget-heading\" data-id=\"7fca942\" data-element_type=\"widget\" data-e-type=\"widget\" data-widget_type=\"heading.default\">\n\t\t\t\t<div class=\"elementor-widget-container\">\n\t\t\t\t\t<h1 class=\"elementor-heading-title elementor-size-default\">Admissibilit\u00e9<\/h1>\t\t\t\t<\/div>\n\t\t\t\t<\/div>\n\t\t\t\t<div class=\"elementor-element elementor-element-6a74f23 elementor-widget elementor-widget-text-editor\" data-id=\"6a74f23\" data-element_type=\"widget\" data-e-type=\"widget\" data-widget_type=\"text-editor.default\">\n\t\t\t\t<div class=\"elementor-widget-container\">\n\t\t\t\t\t\t\t\t\t<p>Assurez-vous d\u2019inscrire votre conjoint et vos enfants \u00e0 charge qui sont admissibles aux protections.<\/p>\t\t\t\t\t\t\t\t<\/div>\n\t\t\t\t<\/div>\n\t\t\t\t\t<\/div>\n\t\t<\/div>\n\t\t\t\t<div class=\"elementor-column elementor-col-50 elementor-top-column elementor-element elementor-element-7e6909d6 elementor-hidden-tablet elementor-hidden-mobile\" data-id=\"7e6909d6\" data-element_type=\"column\" data-e-type=\"column\">\n\t\t\t<div class=\"elementor-widget-wrap\">\n\t\t\t\t\t\t\t<\/div>\n\t\t<\/div>\n\t\t\t\t\t<\/div>\n\t\t<\/section>\n\t\t\t\t<section data-particle_enable=\"false\" data-particle-mobile-disabled=\"false\" class=\"elementor-section elementor-top-section elementor-element elementor-element-a8d1205 elementor-section-boxed elementor-section-height-default elementor-section-height-default\" data-id=\"a8d1205\" data-element_type=\"section\" data-e-type=\"section\">\n\t\t\t\t\t\t<div class=\"elementor-container elementor-column-gap-default\">\n\t\t\t\t\t<div class=\"elementor-column elementor-col-100 elementor-top-column elementor-element elementor-element-10711d5\" data-id=\"10711d5\" data-element_type=\"column\" data-e-type=\"column\">\n\t\t\t<div class=\"elementor-widget-wrap elementor-element-populated\">\n\t\t\t\t\t\t<div class=\"elementor-element elementor-element-3147a82 elementor-widget elementor-widget-heading\" data-id=\"3147a82\" data-element_type=\"widget\" data-e-type=\"widget\" data-widget_type=\"heading.default\">\n\t\t\t\t<div class=\"elementor-widget-container\">\n\t\t\t\t\t<h2 class=\"elementor-heading-title elementor-size-default\">Pour certaines protections identifi\u00e9es, vous pouvez d\u00e9terminer les \u00abpersonnes \u00e0 votre charge admissibles\u00bb. Toutefois, seules les personnes \u00e0 votre charge inscrites seront assur\u00e9es. On entend par \u00abpersonne \u00e0 charge\u00bb un conjoint ou les enfants qui satisfont les crit\u00e8res d\u2019admissibilit\u00e9 suivants :<\/h2>\t\t\t\t<\/div>\n\t\t\t\t<\/div>\n\t\t\t\t<section data-particle_enable=\"false\" data-particle-mobile-disabled=\"false\" class=\"elementor-section elementor-inner-section elementor-element elementor-element-aab7be2 elementor-section-boxed elementor-section-height-default elementor-section-height-default\" data-id=\"aab7be2\" data-element_type=\"section\" data-e-type=\"section\">\n\t\t\t\t\t\t<div class=\"elementor-container elementor-column-gap-default\">\n\t\t\t\t\t<div class=\"elementor-column elementor-col-50 elementor-inner-column elementor-element elementor-element-11ceded\" data-id=\"11ceded\" data-element_type=\"column\" data-e-type=\"column\" data-settings=\"{&quot;background_background&quot;:&quot;classic&quot;}\">\n\t\t\t<div class=\"elementor-widget-wrap elementor-element-populated\">\n\t\t\t\t\t\t<div class=\"elementor-element elementor-element-318bb86 elementor-widget elementor-widget-heading\" data-id=\"318bb86\" data-element_type=\"widget\" data-e-type=\"widget\" data-widget_type=\"heading.default\">\n\t\t\t\t<div class=\"elementor-widget-container\">\n\t\t\t\t\t<h2 class=\"elementor-heading-title elementor-size-default\">Conjoint<\/h2>\t\t\t\t<\/div>\n\t\t\t\t<\/div>\n\t\t\t\t<div class=\"elementor-element elementor-element-dae6236 elementor-widget elementor-widget-text-editor\" data-id=\"dae6236\" data-element_type=\"widget\" data-e-type=\"widget\" data-widget_type=\"text-editor.default\">\n\t\t\t\t<div class=\"elementor-widget-container\">\n\t\t\t\t\t\t\t\t\t<p>Les protections sont offertes \u00e0 votre \u00e9poux(se) aux yeux de la loi ou \u00e0 votre conjoint de fait (de sexe oppos\u00e9 ou non), si vous habitez ensemble depuis au moins 12 mois avant l\u2019entr\u00e9e en vigueur de la protection. La p\u00e9riode de 12 mois n\u2019est pas exig\u00e9e si votre conjoint de fait et vous avez un enfant ensemble. Veuillez noter que la d\u00e9finition de conjoint et les modalit\u00e9s r\u00e9gissant la protection du conjoint varient selon les provinces. Si vous avez des questions au sujet de la protection de votre conjoint, veuillez communiquer avec l\u2019\u00e9quipe des ressources humaines de votre division.<\/p>\t\t\t\t\t\t\t\t<\/div>\n\t\t\t\t<\/div>\n\t\t\t\t\t<\/div>\n\t\t<\/div>\n\t\t\t\t<div class=\"elementor-column elementor-col-50 elementor-inner-column elementor-element elementor-element-8caca63\" data-id=\"8caca63\" data-element_type=\"column\" data-e-type=\"column\" data-settings=\"{&quot;background_background&quot;:&quot;classic&quot;}\">\n\t\t\t<div class=\"elementor-widget-wrap elementor-element-populated\">\n\t\t\t\t\t\t<div class=\"elementor-element elementor-element-ab24d19 elementor-widget elementor-widget-heading\" data-id=\"ab24d19\" data-element_type=\"widget\" data-e-type=\"widget\" data-widget_type=\"heading.default\">\n\t\t\t\t<div class=\"elementor-widget-container\">\n\t\t\t\t\t<h2 class=\"elementor-heading-title elementor-size-default\">Enfant<\/h2>\t\t\t\t<\/div>\n\t\t\t\t<\/div>\n\t\t\t\t<div class=\"elementor-element elementor-element-5a5482f elementor-widget elementor-widget-text-editor\" data-id=\"5a5482f\" data-element_type=\"widget\" data-e-type=\"widget\" data-widget_type=\"text-editor.default\">\n\t\t\t\t<div class=\"elementor-widget-container\">\n\t\t\t\t\t\t\t\t\t<p>Vos enfants (naturels, adopt\u00e9s ou de votre conjoint) sont admissibles aux protections s\u2019ils sont c\u00e9libataires (ne sont ni mari\u00e9s ni dans une union de fait), s\u2019ils d\u00e9pendent de vous pour leur subsistance et s\u2019ils ont :<\/p><ul><li>Moins de 21 ans, ou<\/li><li>Moins de 26 ans s\u2019ils \u00e9tudient \u00e0 temps plein dans un \u00e9tablissement scolaire reconnu, ou<\/li><li>Quel que soit son \u00e2ge, un enfant d\u00e9clar\u00e9 totalement invalide avant l\u2019\u00e2ge de 21 ans \u2013 ou avant 26 ans dans le cas d\u2019un \u00e9tudiant \u2013 est admissible au programme.<\/li><\/ul>\t\t\t\t\t\t\t\t<\/div>\n\t\t\t\t<\/div>\n\t\t\t\t\t<\/div>\n\t\t<\/div>\n\t\t\t\t\t<\/div>\n\t\t<\/section>\n\t\t\t\t\t<\/div>\n\t\t<\/div>\n\t\t\t\t\t<\/div>\n\t\t<\/section>\n\t\t\t\t<section data-particle_enable=\"false\" data-particle-mobile-disabled=\"false\" class=\"elementor-section elementor-top-section elementor-element elementor-element-ab689e2 elementor-section-boxed elementor-section-height-default elementor-section-height-default\" data-id=\"ab689e2\" data-element_type=\"section\" data-e-type=\"section\" data-settings=\"{&quot;background_background&quot;:&quot;classic&quot;}\">\n\t\t\t\t\t\t<div class=\"elementor-container elementor-column-gap-default\">\n\t\t\t\t\t<div class=\"elementor-column elementor-col-100 elementor-top-column elementor-element elementor-element-5b8466b\" data-id=\"5b8466b\" data-element_type=\"column\" data-e-type=\"column\">\n\t\t\t<div class=\"elementor-widget-wrap elementor-element-populated\">\n\t\t\t\t\t\t<div class=\"elementor-element elementor-element-7bfd31a elementor-widget__width-initial elementor-widget elementor-widget-text-editor\" data-id=\"7bfd31a\" data-element_type=\"widget\" data-e-type=\"widget\" data-widget_type=\"text-editor.default\">\n\t\t\t\t<div class=\"elementor-widget-container\">\n\t\t\t\t\t\t\t\t\t<p>Et si les choses changent?<\/p>\t\t\t\t\t\t\t\t<\/div>\n\t\t\t\t<\/div>\n\t\t\t\t<div class=\"elementor-element elementor-element-72f4424 elementor-widget elementor-widget-text-editor\" data-id=\"72f4424\" data-element_type=\"widget\" data-e-type=\"widget\" data-widget_type=\"text-editor.default\">\n\t\t\t\t<div class=\"elementor-widget-container\">\n\t\t\t\t\t\t\t\t\t<p>Chaque ann\u00e9e, durant la p\u00e9riode d\u2019adh\u00e9sion annuelle, vous pouvez modifier vos options de protections, ainsi que le nombre de personnes \u00e0 votre charge. Vous pouvez aussi le faire durant l\u2019ann\u00e9e lors de certains \u00e9v\u00e9nements : mariage, naissance, adoption, etc. Vous aurez 30 jours apr\u00e8s l\u2019\u00e9v\u00e9nement marquant pour faire vos modifications dans Workday. Autrement, vous pouvez uniquement modifier vos protections et personnes \u00e0 charge au moment de la p\u00e9riode d\u2019adh\u00e9sion.<\/p>\t\t\t\t\t\t\t\t<\/div>\n\t\t\t\t<\/div>\n\t\t\t\t<div class=\"elementor-element elementor-element-f7adac5 elementor-align-center elementor-widget elementor-widget-button\" data-id=\"f7adac5\" data-element_type=\"widget\" data-e-type=\"widget\" data-widget_type=\"button.default\">\n\t\t\t\t<div class=\"elementor-widget-container\">\n\t\t\t\t\t\t\t\t\t<div class=\"elementor-button-wrapper\">\n\t\t\t\t\t<a class=\"elementor-button elementor-button-link elementor-size-sm\" href=\"https:\/\/gfstotalrewards.ca\/fr-ca\/adhesion-aux-avantages-sociaux\/evenements-marquants\/\">\n\t\t\t\t\t\t<span class=\"elementor-button-content-wrapper\">\n\t\t\t\t\t\t<span class=\"elementor-button-icon\">\n\t\t\t\t<i aria-hidden=\"true\" class=\"fas fa-arrow-right\"><\/i>\t\t\t<\/span>\n\t\t\t\t\t\t\t\t\t<span class=\"elementor-button-text\">En savoir plus<\/span>\n\t\t\t\t\t<\/span>\n\t\t\t\t\t<\/a>\n\t\t\t\t<\/div>\n\t\t\t\t\t\t\t\t<\/div>\n\t\t\t\t<\/div>\n\t\t\t\t\t<\/div>\n\t\t<\/div>\n\t\t\t\t\t<\/div>\n\t\t<\/section>\n\t\t\t\t<\/div>","protected":false},"excerpt":{"rendered":"<p>Benefits Enrollment Eligibility Be sure to enroll your spouse and dependent children who are eligible for coverage. You may cover \u201celigible dependents\u201d under some benefits. However, only those dependents you enroll will have coverage. The term dependent includes a spouse or children who meet the following criteria: Spouse Benefit coverage is available for your legal [&hellip;]<\/p>\n","protected":false},"author":20,"featured_media":0,"parent":14770,"menu_order":0,"comment_status":"closed","ping_status":"closed","template":"","meta":{"footnotes":""},"class_list":["post-14775","page","type-page","status-publish","hentry"],"yoast_head":"<!-- This site is optimized with the Yoast SEO plugin v27.0 - https:\/\/yoast.com\/product\/yoast-seo-wordpress\/ -->\n<title>Eligibility | Gordon Food Service Canada Total Rewards<\/title>\n<meta name=\"robots\" content=\"noindex, follow, max-snippet:-1, max-image-preview:large, max-video-preview:-1\" \/>\n<meta property=\"og:locale\" content=\"fr_CA\" \/>\n<meta property=\"og:type\" content=\"article\" \/>\n<meta property=\"og:title\" content=\"Eligibility | Gordon Food Service Canada Total Rewards\" \/>\n<meta property=\"og:description\" content=\"Benefits Enrollment Eligibility Be sure to enroll your spouse and dependent children who are eligible for coverage. You may cover \u201celigible dependents\u201d under some benefits. However, only those dependents you enroll will have coverage. The term dependent includes a spouse or children who meet the following criteria: Spouse Benefit coverage is available for your legal [&hellip;]\" \/>\n<meta property=\"og:url\" content=\"https:\/\/gfstotalrewards.ca\/fr-ca\/adhesion-aux-avantages-sociaux\/admissibilite\/\" \/>\n<meta property=\"og:site_name\" content=\"Gordon Food Service Canada Total Rewards\" \/>\n<meta property=\"article:publisher\" content=\"https:\/\/www.facebook.com\/GordonFoodService\" \/>\n<meta property=\"article:modified_time\" content=\"2023-08-22T12:32:27+00:00\" \/>\n<meta name=\"twitter:card\" content=\"summary_large_image\" \/>\n<meta name=\"twitter:site\" content=\"@GFSDelivers\" \/>\n<meta name=\"twitter:label1\" content=\"Estimation du temps de lecture\" \/>\n\t<meta name=\"twitter:data1\" content=\"2 minutes\" \/>\n<script type=\"application\/ld+json\" class=\"yoast-schema-graph\">{\"@context\":\"https:\/\/schema.org\",\"@graph\":[{\"@type\":\"WebPage\",\"@id\":\"https:\/\/gfstotalrewards.ca\/en-ca\/benefits-enrollment\/eligibility\/\",\"url\":\"https:\/\/gfstotalrewards.ca\/en-ca\/benefits-enrollment\/eligibility\/\",\"name\":\"Eligibility | Gordon Food Service Canada Total Rewards\",\"isPartOf\":{\"@id\":\"https:\/\/gfstotalrewards.ca\/en-ca\/#website\"},\"datePublished\":\"2023-06-15T17:37:23+00:00\",\"dateModified\":\"2023-08-22T12:32:27+00:00\",\"breadcrumb\":{\"@id\":\"https:\/\/gfstotalrewards.ca\/en-ca\/benefits-enrollment\/eligibility\/#breadcrumb\"},\"inLanguage\":\"fr-CA\",\"potentialAction\":[{\"@type\":\"ReadAction\",\"target\":[\"https:\/\/gfstotalrewards.ca\/en-ca\/benefits-enrollment\/eligibility\/\"]}]},{\"@type\":\"BreadcrumbList\",\"@id\":\"https:\/\/gfstotalrewards.ca\/en-ca\/benefits-enrollment\/eligibility\/#breadcrumb\",\"itemListElement\":[{\"@type\":\"ListItem\",\"position\":1,\"name\":\"Home\",\"item\":\"https:\/\/gfstotalrewards.ca\/en-ca\/\"},{\"@type\":\"ListItem\",\"position\":2,\"name\":\"Benefits Enrollment\",\"item\":\"https:\/\/gfstotalrewards.ca\/fr-ca\/adhesion-aux-avantages-sociaux\/\"},{\"@type\":\"ListItem\",\"position\":3,\"name\":\"Eligibility\"}]},{\"@type\":\"WebSite\",\"@id\":\"https:\/\/gfstotalrewards.ca\/en-ca\/#website\",\"url\":\"https:\/\/gfstotalrewards.ca\/en-ca\/\",\"name\":\"Gordon Food Service Canada Total Rewards\",\"description\":\"\",\"publisher\":{\"@id\":\"https:\/\/gfstotalrewards.ca\/en-ca\/#organization\"},\"potentialAction\":[{\"@type\":\"SearchAction\",\"target\":{\"@type\":\"EntryPoint\",\"urlTemplate\":\"https:\/\/gfstotalrewards.ca\/en-ca\/?s={search_term_string}\"},\"query-input\":{\"@type\":\"PropertyValueSpecification\",\"valueRequired\":true,\"valueName\":\"search_term_string\"}}],\"inLanguage\":\"fr-CA\"},{\"@type\":\"Organization\",\"@id\":\"https:\/\/gfstotalrewards.ca\/en-ca\/#organization\",\"name\":\"Gordon Food Service Canada Total Rewards\",\"url\":\"https:\/\/gfstotalrewards.ca\/en-ca\/\",\"logo\":{\"@type\":\"ImageObject\",\"inLanguage\":\"fr-CA\",\"@id\":\"https:\/\/gfstotalrewards.ca\/en-ca\/#\/schema\/logo\/image\/\",\"url\":\"https:\/\/gfstotalrewards.ca\/wp-content\/uploads\/2022\/07\/gordon-food-service-logo.png\",\"contentUrl\":\"https:\/\/gfstotalrewards.ca\/wp-content\/uploads\/2022\/07\/gordon-food-service-logo.png\",\"width\":402,\"height\":128,\"caption\":\"Gordon Food Service Canada Total Rewards\"},\"image\":{\"@id\":\"https:\/\/gfstotalrewards.ca\/en-ca\/#\/schema\/logo\/image\/\"},\"sameAs\":[\"https:\/\/www.facebook.com\/GordonFoodService\",\"https:\/\/x.com\/GFSDelivers\",\"https:\/\/www.instagram.com\/gordonfoodservice\/\",\"https:\/\/www.youtube.com\/user\/GFSDelivers\",\"https:\/\/www.linkedin.com\/company\/gordon-food-service\/\"]}]}<\/script>\n<!-- \/ Yoast SEO plugin. -->","yoast_head_json":{"title":"Eligibility | Gordon Food Service Canada Total Rewards","robots":{"index":"noindex","follow":"follow","max-snippet":"max-snippet:-1","max-image-preview":"max-image-preview:large","max-video-preview":"max-video-preview:-1"},"og_locale":"fr_CA","og_type":"article","og_title":"Eligibility | Gordon Food Service Canada Total Rewards","og_description":"Benefits Enrollment Eligibility Be sure to enroll your spouse and dependent children who are eligible for coverage. You may cover \u201celigible dependents\u201d under some benefits. However, only those dependents you enroll will have coverage. The term dependent includes a spouse or children who meet the following criteria: Spouse Benefit coverage is available for your legal [&hellip;]","og_url":"https:\/\/gfstotalrewards.ca\/fr-ca\/adhesion-aux-avantages-sociaux\/admissibilite\/","og_site_name":"Gordon Food Service Canada Total Rewards","article_publisher":"https:\/\/www.facebook.com\/GordonFoodService","article_modified_time":"2023-08-22T12:32:27+00:00","twitter_card":"summary_large_image","twitter_site":"@GFSDelivers","twitter_misc":{"Estimation du temps de lecture":"2 minutes"},"schema":{"@context":"https:\/\/schema.org","@graph":[{"@type":"WebPage","@id":"https:\/\/gfstotalrewards.ca\/en-ca\/benefits-enrollment\/eligibility\/","url":"https:\/\/gfstotalrewards.ca\/en-ca\/benefits-enrollment\/eligibility\/","name":"Eligibility | Gordon Food Service Canada Total Rewards","isPartOf":{"@id":"https:\/\/gfstotalrewards.ca\/en-ca\/#website"},"datePublished":"2023-06-15T17:37:23+00:00","dateModified":"2023-08-22T12:32:27+00:00","breadcrumb":{"@id":"https:\/\/gfstotalrewards.ca\/en-ca\/benefits-enrollment\/eligibility\/#breadcrumb"},"inLanguage":"fr-CA","potentialAction":[{"@type":"ReadAction","target":["https:\/\/gfstotalrewards.ca\/en-ca\/benefits-enrollment\/eligibility\/"]}]},{"@type":"BreadcrumbList","@id":"https:\/\/gfstotalrewards.ca\/en-ca\/benefits-enrollment\/eligibility\/#breadcrumb","itemListElement":[{"@type":"ListItem","position":1,"name":"Home","item":"https:\/\/gfstotalrewards.ca\/en-ca\/"},{"@type":"ListItem","position":2,"name":"Benefits Enrollment","item":"https:\/\/gfstotalrewards.ca\/fr-ca\/adhesion-aux-avantages-sociaux\/"},{"@type":"ListItem","position":3,"name":"Eligibility"}]},{"@type":"WebSite","@id":"https:\/\/gfstotalrewards.ca\/en-ca\/#website","url":"https:\/\/gfstotalrewards.ca\/en-ca\/","name":"Gordon Food Service Canada Total Rewards","description":"","publisher":{"@id":"https:\/\/gfstotalrewards.ca\/en-ca\/#organization"},"potentialAction":[{"@type":"SearchAction","target":{"@type":"EntryPoint","urlTemplate":"https:\/\/gfstotalrewards.ca\/en-ca\/?s={search_term_string}"},"query-input":{"@type":"PropertyValueSpecification","valueRequired":true,"valueName":"search_term_string"}}],"inLanguage":"fr-CA"},{"@type":"Organization","@id":"https:\/\/gfstotalrewards.ca\/en-ca\/#organization","name":"Gordon Food Service Canada Total Rewards","url":"https:\/\/gfstotalrewards.ca\/en-ca\/","logo":{"@type":"ImageObject","inLanguage":"fr-CA","@id":"https:\/\/gfstotalrewards.ca\/en-ca\/#\/schema\/logo\/image\/","url":"https:\/\/gfstotalrewards.ca\/wp-content\/uploads\/2022\/07\/gordon-food-service-logo.png","contentUrl":"https:\/\/gfstotalrewards.ca\/wp-content\/uploads\/2022\/07\/gordon-food-service-logo.png","width":402,"height":128,"caption":"Gordon Food Service Canada Total Rewards"},"image":{"@id":"https:\/\/gfstotalrewards.ca\/en-ca\/#\/schema\/logo\/image\/"},"sameAs":["https:\/\/www.facebook.com\/GordonFoodService","https:\/\/x.com\/GFSDelivers","https:\/\/www.instagram.com\/gordonfoodservice\/","https:\/\/www.youtube.com\/user\/GFSDelivers","https:\/\/www.linkedin.com\/company\/gordon-food-service\/"]}]}},"_links":{"self":[{"href":"https:\/\/gfstotalrewards.ca\/fr-ca\/wp-json\/wp\/v2\/pages\/14775","targetHints":{"allow":["GET"]}}],"collection":[{"href":"https:\/\/gfstotalrewards.ca\/fr-ca\/wp-json\/wp\/v2\/pages"}],"about":[{"href":"https:\/\/gfstotalrewards.ca\/fr-ca\/wp-json\/wp\/v2\/types\/page"}],"author":[{"embeddable":true,"href":"https:\/\/gfstotalrewards.ca\/fr-ca\/wp-json\/wp\/v2\/users\/20"}],"replies":[{"embeddable":true,"href":"https:\/\/gfstotalrewards.ca\/fr-ca\/wp-json\/wp\/v2\/comments?post=14775"}],"version-history":[{"count":61,"href":"https:\/\/gfstotalrewards.ca\/fr-ca\/wp-json\/wp\/v2\/pages\/14775\/revisions"}],"predecessor-version":[{"id":17567,"href":"https:\/\/gfstotalrewards.ca\/fr-ca\/wp-json\/wp\/v2\/pages\/14775\/revisions\/17567"}],"up":[{"embeddable":true,"href":"https:\/\/gfstotalrewards.ca\/fr-ca\/wp-json\/wp\/v2\/pages\/14770"}],"wp:attachment":[{"href":"https:\/\/gfstotalrewards.ca\/fr-ca\/wp-json\/wp\/v2\/media?parent=14775"}],"curies":[{"name":"wp","href":"https:\/\/api.w.org\/{rel}","templated":true}]}}